{"id":19,"date":"2023-04-17T07:58:50","date_gmt":"2023-04-17T07:58:50","guid":{"rendered":"https:\/\/seabrokers.no\/chartering\/?page_id=19"},"modified":"2023-09-05T12:23:49","modified_gmt":"2023-09-05T12:23:49","slug":"selskapet","status":"publish","type":"page","link":"https:\/\/seabrokers.no\/chartering\/selskapet\/","title":{"rendered":"Selskapet"},"content":{"rendered":"","protected":false},"excerpt":{"rendered":"","protected":false},"author":1,"featured_media":918,"parent":0,"menu_order":21,"comment_status":"closed","ping_status":"closed","template":"","meta":{"footnotes":"","_links_to":"","_links_to_target":""},"class_list":["post-19","page","type-page","status-publish","hentry"],"acf":{"subtitle":"","title":"Den globale offshore skipsmegleren","text":"Vi har kvalifisert personell som kan r\u00e5dgi v\u00e5re kunder for \u00e5 finne de beste l\u00f8sningene.","buttons":null,"image":"","video":"","focus_point":"end","style":"dark","type":"full","overlay_opacity":50,"enable_animation":false,"lottie":"","animation_opacity":60},"_links":{"self":[{"href":"https:\/\/seabrokers.no\/chartering\/wp-json\/wp\/v2\/pages\/19","targetHints":{"allow":["GET"]}}],"collection":[{"href":"https:\/\/seabrokers.no\/chartering\/wp-json\/wp\/v2\/pages"}],"about":[{"href":"https:\/\/seabrokers.no\/chartering\/wp-json\/wp\/v2\/types\/page"}],"author":[{"embeddable":true,"href":"https:\/\/seabrokers.no\/chartering\/wp-json\/wp\/v2\/users\/1"}],"replies":[{"embeddable":true,"href":"https:\/\/seabrokers.no\/chartering\/wp-json\/wp\/v2\/comments?post=19"}],"version-history":[{"count":0,"href":"https:\/\/seabrokers.no\/chartering\/wp-json\/wp\/v2\/pages\/19\/revisions"}],"wp:featuredmedia":[{"embeddable":true,"href":"https:\/\/seabrokers.no\/chartering\/wp-json\/wp\/v2\/media\/918"}],"wp:attachment":[{"href":"https:\/\/seabrokers.no\/chartering\/wp-json\/wp\/v2\/media?parent=19"}],"curies":[{"name":"wp","href":"https:\/\/api.w.org\/{rel}","templated":true}]}}