{"id":21,"date":"2023-04-17T07:59:09","date_gmt":"2023-04-17T07:59:09","guid":{"rendered":"https:\/\/seabrokers.no\/chartering\/?page_id=21"},"modified":"2023-09-05T12:32:22","modified_gmt":"2023-09-05T12:32:22","slug":"visjon-verdier","status":"publish","type":"page","link":"https:\/\/seabrokers.no\/chartering\/selskapet\/visjon-verdier\/","title":{"rendered":"Visjon &#038; verdier"},"content":{"rendered":"<h3>I 1982 dro en visjon\u00e6r, ung gr\u00fcnderspire p\u00e5 ferie.<\/h3>\n<p>Der fikk han ideen som ikke bare var en radikal endring, men ogs\u00e5 starten p\u00e5 en suksesshistorie. Han utfordret etablerte sannheter og v\u00e5get \u00e5 g\u00e5 sin egen vei, fordi han s\u00e5 en unik mulighet som skulle komme flere bransjer til nytte. Fiskeb\u00e5ter og eldre supply-skip ble bygd om til hjelpefart\u00f8y, og det ble opprettet en samseilingspool for offshore hjelpefart\u00f8y i Nordsj\u00f8en.<\/p>\n<hr \/>\n<h6>Visjon<\/h6>\n<h3>Make waves<\/h3>\n<p style=\"font-weight: 400;\">Vi i Seabrokers Group vil utfordre etablerte sannheter og skape innovative l\u00f8sninger som gir ringvirkninger i samfunnet og i industrien.<\/p>\n<hr \/>\n<h6>Misjon<\/h6>\n<h3>Vi skaper et \u00f8kosystem av entrepren\u00f8rer som finner muligheter der andre ser utfordringer.<\/h3>\n<p>Seabrokers Group best\u00e5r av en unik bredde av selskaper med ansatte som v\u00e5ger \u00e5 utfordre etablerte sannheter hvor nye l\u00f8sninger skapes, og nye m\u00e5l settes.<\/p>\n<hr \/>\n<h6>V\u00e5re verdier<\/h6>\n<h3>Ta sjansen<\/h3>\n<p>Vi ser muligheter, vi liker en god utfordring, og beveger oss gjerne utenfor komfortsonen i fav\u00f8r av innovasjon. Av til blir det kanskje et mageplask, og det er helt greit. V\u00e5g \u00e5 feile, man oppn\u00e5r ikke suksess uten.<\/p>\n<h3>Topp forrige<\/h3>\n<p>Vi skal skape en kvalitet p\u00e5 produktene og tjenestene v\u00e5re som er s\u00e5 god at de selger seg selv. Det betyr \u00e5 l\u00f8fte standarden til et s\u00e5 h\u00f8yt niv\u00e5 at andre er n\u00f8dt til \u00e5 f\u00f8lge etter. Sett standarden, ikke f\u00f8lg den.<\/p>\n<h3>Vis vei<\/h3>\n<p>Vi skal behandle andre slik man selv \u00f8nsker \u00e5 bli behandlet. I Seabrokers \u00f8nsker vi \u00e5 spille p\u00e5 lag, l\u00f8fte hverandre opp og v\u00e6re ambassad\u00f8rer for egne verdier. Vi venter ikke for \u00e5 se hva andre gj\u00f8r. Vis veien og v\u00e6r et forbilde.<\/p>\n","protected":false},"excerpt":{"rendered":"<p>I 1982 dro en visjon\u00e6r, ung gr\u00fcnderspire p\u00e5 ferie. Der fikk han ideen som ikke bare var en radikal endring, men ogs\u00e5 starten p\u00e5 en suksesshistorie. Han utfordret etablerte sannheter og v\u00e5get \u00e5 g\u00e5 sin egen vei, fordi han s\u00e5 en unik mulighet som skulle komme flere bransjer til nytte. Fiskeb\u00e5ter og eldre supply-skip ble [&hellip;]<\/p>\n","protected":false},"author":1,"featured_media":920,"parent":19,"menu_order":23,"comment_status":"closed","ping_status":"closed","template":"","meta":{"footnotes":"","_links_to":"","_links_to_target":""},"class_list":["post-21","page","type-page","status-publish","hentry"],"acf":{"subtitle":"","title":"Innovative l\u00f8sninger som skaper ringvirkninger ","text":"\u00c5 se l\u00f8sninger til det beste for markedet, om n\u00f8dvendig med radikale grep, ble kjennetegnet p\u00e5 Seabrokers. N\u00e5, 40 \u00e5r senere, kan vi se tilbake p\u00e5 mange store og h\u00e5rete visjoner som har blitt realisert.","buttons":null,"image":"","video":"","focus_point":"end","style":"dark","type":"full","overlay_opacity":40,"enable_animation":false,"lottie":"","animation_opacity":60},"_links":{"self":[{"href":"https:\/\/seabrokers.no\/chartering\/wp-json\/wp\/v2\/pages\/21","targetHints":{"allow":["GET"]}}],"collection":[{"href":"https:\/\/seabrokers.no\/chartering\/wp-json\/wp\/v2\/pages"}],"about":[{"href":"https:\/\/seabrokers.no\/chartering\/wp-json\/wp\/v2\/types\/page"}],"author":[{"embeddable":true,"href":"https:\/\/seabrokers.no\/chartering\/wp-json\/wp\/v2\/users\/1"}],"replies":[{"embeddable":true,"href":"https:\/\/seabrokers.no\/chartering\/wp-json\/wp\/v2\/comments?post=21"}],"version-history":[{"count":0,"href":"https:\/\/seabrokers.no\/chartering\/wp-json\/wp\/v2\/pages\/21\/revisions"}],"up":[{"embeddable":true,"href":"https:\/\/seabrokers.no\/chartering\/wp-json\/wp\/v2\/pages\/19"}],"wp:featuredmedia":[{"embeddable":true,"href":"https:\/\/seabrokers.no\/chartering\/wp-json\/wp\/v2\/media\/920"}],"wp:attachment":[{"href":"https:\/\/seabrokers.no\/chartering\/wp-json\/wp\/v2\/media?parent=21"}],"curies":[{"name":"wp","href":"https:\/\/api.w.org\/{rel}","templated":true}]}}