{"id":22,"date":"2023-04-17T07:59:19","date_gmt":"2023-04-17T07:59:19","guid":{"rendered":"https:\/\/seabrokers.no\/chartering\/?page_id=22"},"modified":"2023-09-06T11:38:06","modified_gmt":"2023-09-06T11:38:06","slug":"baerekraft-khms","status":"publish","type":"page","link":"https:\/\/seabrokers.no\/chartering\/baerekraft-khms\/","title":{"rendered":"B\u00e6rekraft &#038; KHMS"},"content":{"rendered":"<p>Siden etableringen av Seabrokers Group i 1982 har fokuset v\u00e5rt v\u00e6rt b\u00e6rekraftig innovasjon. Vi har v\u00e6rt ledende innen ny teknologi og milj\u00f8vennlige l\u00f8sninger til alle tider, og vil fortsette m\u00e5let mot en mer b\u00e6rekraftig verden.<\/p>\n<p>Seabrokers Chartering utviklet den f\u00f8rste azimuth-drevne ankerh\u00e5ndtereren, som var mer effektiv p\u00e5 drivstoffbruken. Fart\u00f8yet banet vei for en gr\u00f8nnere retning for offshorefart\u00f8yer.<\/p>\n<p>Sammen med skipsredere og verft har vi utviklet den st\u00f8rste LNG PSV, og vi er sterkt involvert i utviklingen batteril\u00f8sninger og andre mer energivennlige l\u00f8sninger for offshore-markedet. Seabrokers Chartering har ogs\u00e5 utviklet fart\u00f8y og systemer som evaluerer og overv\u00e5ker CO2-utslipp.<\/p>\n","protected":false},"excerpt":{"rendered":"<p>Siden etableringen av Seabrokers Group i 1982 har fokuset v\u00e5rt v\u00e6rt b\u00e6rekraftig innovasjon. Vi har v\u00e6rt ledende innen ny teknologi og milj\u00f8vennlige l\u00f8sninger til alle tider, og vil fortsette m\u00e5let mot en mer b\u00e6rekraftig verden. Seabrokers Chartering utviklet den f\u00f8rste azimuth-drevne ankerh\u00e5ndtereren, som var mer effektiv p\u00e5 drivstoffbruken. Fart\u00f8yet banet vei for en gr\u00f8nnere retning [&hellip;]<\/p>\n","protected":false},"author":1,"featured_media":926,"parent":0,"menu_order":17,"comment_status":"closed","ping_status":"closed","template":"","meta":{"footnotes":"","_links_to":"","_links_to_target":""},"class_list":["post-22","page","type-page","status-publish","hentry"],"acf":{"subtitle":"","title":"Med fremtiden for \u00f8yet","text":"Vi vil bidra til l\u00f8sninger som reduser v\u00e5rt klimaavtrykk og \u00f8ker v\u00e5r kunnskap innen ny gr\u00f8nn teknologi, og b\u00e6rekraftige l\u00f8sninger.","buttons":null,"image":"","video":"","focus_point":"end","style":"dark","type":"full","overlay_opacity":40,"enable_animation":false,"lottie":"","animation_opacity":60},"_links":{"self":[{"href":"https:\/\/seabrokers.no\/chartering\/wp-json\/wp\/v2\/pages\/22","targetHints":{"allow":["GET"]}}],"collection":[{"href":"https:\/\/seabrokers.no\/chartering\/wp-json\/wp\/v2\/pages"}],"about":[{"href":"https:\/\/seabrokers.no\/chartering\/wp-json\/wp\/v2\/types\/page"}],"author":[{"embeddable":true,"href":"https:\/\/seabrokers.no\/chartering\/wp-json\/wp\/v2\/users\/1"}],"replies":[{"embeddable":true,"href":"https:\/\/seabrokers.no\/chartering\/wp-json\/wp\/v2\/comments?post=22"}],"version-history":[{"count":0,"href":"https:\/\/seabrokers.no\/chartering\/wp-json\/wp\/v2\/pages\/22\/revisions"}],"wp:featuredmedia":[{"embeddable":true,"href":"https:\/\/seabrokers.no\/chartering\/wp-json\/wp\/v2\/media\/926"}],"wp:attachment":[{"href":"https:\/\/seabrokers.no\/chartering\/wp-json\/wp\/v2\/media?parent=22"}],"curies":[{"name":"wp","href":"https:\/\/api.w.org\/{rel}","templated":true}]}}