{"id":23,"date":"2023-04-17T07:59:30","date_gmt":"2023-04-17T07:59:30","guid":{"rendered":"https:\/\/seabrokers.no\/chartering\/?page_id=23"},"modified":"2025-06-13T12:12:51","modified_gmt":"2025-06-13T12:12:51","slug":"samfunnsansvar","status":"publish","type":"page","link":"https:\/\/seabrokers.no\/chartering\/baerekraft-khms\/samfunnsansvar\/","title":{"rendered":"Samfunnsansvar"},"content":{"rendered":"<p>Seabrokers Chartering skal v\u00e6re en \u00e5pen og inkluderende arbeidsplass som fremmer utvikling, samarbeid og personlig vekst. Vi er en solid partner som legger til rette for samarbeid p\u00e5 tvers av bransjer og yrkesgrupper, med mennesker som trives i et godt arbeidsmilj\u00f8.<\/p>\n<p>Vi fokuserer p\u00e5 mennesker og samfunn. Yrker endrer seg, og det er behov for b\u00e5de nyutdannede og dem som har lang og god erfaring. Vi i Seabrokers Chartering tror p\u00e5 lag som utfyller hverandre og spiller hverandre gode.<\/p>\n<p>M\u00e5let v\u00e5rt er \u00e5 v\u00e6re synlige i lokalsamfunnet, og gjennom v\u00e5rt engasjement skal vi bidra til et mer inkluderende samfunn der forskjeller reduseres.<\/p>\n<p>Vi jobber for \u00e5 opprettholde de h\u00f8yeste etiske standardene i gjennomf\u00f8ringen av oppdragene v\u00e5re. I tillegg til de etiske retningslinjene til Seabrokers Group, har Seabrokers Chartering vedtatt en anti-korrupsjonspolitikk som markerer nulltoleranse for korrupsjon.<\/p>\n<p>Retningslinjene gjelder for alle direkt\u00f8rer og ansatte, samt eventuelle agenter, entrepren\u00f8rer, representanter eller andre parter som handler p\u00e5 vegne av Seabrokers.<\/p>\n","protected":false},"excerpt":{"rendered":"<p>Seabrokers Chartering skal v\u00e6re en \u00e5pen og inkluderende arbeidsplass som fremmer utvikling, samarbeid og personlig vekst. Vi er en solid partner som legger til rette for samarbeid p\u00e5 tvers av bransjer og yrkesgrupper, med mennesker som trives i et godt arbeidsmilj\u00f8. Vi fokuserer p\u00e5 mennesker og samfunn. Yrker endrer seg, og det er behov for [&hellip;]<\/p>\n","protected":false},"author":1,"featured_media":925,"parent":22,"menu_order":20,"comment_status":"closed","ping_status":"closed","template":"","meta":{"footnotes":"","_links_to":"","_links_to_target":""},"class_list":["post-23","page","type-page","status-publish","hentry"],"acf":{"subtitle":"","title":"En ansvarlig samfunnsakt\u00f8r ","text":"Med fokus p\u00e5 mennesker, arbeidsmilj\u00f8 og samfunn. ","buttons":null,"image":"","video":"","focus_point":"center","style":"dark","type":"full","overlay_opacity":45,"enable_animation":false,"lottie":"","animation_opacity":60},"_links":{"self":[{"href":"https:\/\/seabrokers.no\/chartering\/wp-json\/wp\/v2\/pages\/23","targetHints":{"allow":["GET"]}}],"collection":[{"href":"https:\/\/seabrokers.no\/chartering\/wp-json\/wp\/v2\/pages"}],"about":[{"href":"https:\/\/seabrokers.no\/chartering\/wp-json\/wp\/v2\/types\/page"}],"author":[{"embeddable":true,"href":"https:\/\/seabrokers.no\/chartering\/wp-json\/wp\/v2\/users\/1"}],"replies":[{"embeddable":true,"href":"https:\/\/seabrokers.no\/chartering\/wp-json\/wp\/v2\/comments?post=23"}],"version-history":[{"count":0,"href":"https:\/\/seabrokers.no\/chartering\/wp-json\/wp\/v2\/pages\/23\/revisions"}],"up":[{"embeddable":true,"href":"https:\/\/seabrokers.no\/chartering\/wp-json\/wp\/v2\/pages\/22"}],"wp:featuredmedia":[{"embeddable":true,"href":"https:\/\/seabrokers.no\/chartering\/wp-json\/wp\/v2\/media\/925"}],"wp:attachment":[{"href":"https:\/\/seabrokers.no\/chartering\/wp-json\/wp\/v2\/media?parent=23"}],"curies":[{"name":"wp","href":"https:\/\/api.w.org\/{rel}","templated":true}]}}