{"id":24,"date":"2023-04-17T07:59:38","date_gmt":"2023-04-17T07:59:38","guid":{"rendered":"https:\/\/seabrokers.no\/chartering\/?page_id=24"},"modified":"2023-09-04T14:24:31","modified_gmt":"2023-09-04T14:24:31","slug":"baerekraftsmal","status":"publish","type":"page","link":"https:\/\/seabrokers.no\/chartering\/baerekraft-khms\/baerekraftsmal\/","title":{"rendered":"B\u00e6rekraftsm\u00e5l"},"content":{"rendered":"<p>Vi \u00f8nsker \u00e5 bidra til l\u00f8sninger som reduserer v\u00e5rt klimaavtrykk og \u00f8ker b\u00e5de v\u00e5r og kundens kunnskap om ny gr\u00f8nn teknologi, og b\u00e6rekraftige l\u00f8sninger. V\u00e5rt arbeid m\u00e5 utf\u00f8res med respekt for mennesker, natur og milj\u00f8, og vi legger s\u00e6rlig vekt p\u00e5:<\/p>\n","protected":false},"excerpt":{"rendered":"<p>Vi \u00f8nsker \u00e5 bidra til l\u00f8sninger som reduserer v\u00e5rt klimaavtrykk og \u00f8ker b\u00e5de v\u00e5r og kundens kunnskap om ny gr\u00f8nn teknologi, og b\u00e6rekraftige l\u00f8sninger. V\u00e5rt arbeid m\u00e5 utf\u00f8res med respekt for mennesker, natur og milj\u00f8, og vi legger s\u00e6rlig vekt p\u00e5:<\/p>\n","protected":false},"author":1,"featured_media":913,"parent":22,"menu_order":19,"comment_status":"closed","ping_status":"closed","template":"","meta":{"footnotes":"","_links_to":"","_links_to_target":""},"class_list":["post-24","page","type-page","status-publish","hentry"],"acf":{"subtitle":"","title":"Med tanke p\u00e5 fremtiden","text":"I Seabrokers Chartering jobber vi aktivt for \u00e5 n\u00e5 v\u00e5re m\u00e5l for en b\u00e6rekraftig fremtid.","buttons":null,"image":"","video":"","focus_point":"center","style":"dark","type":"full","overlay_opacity":30,"enable_animation":false,"lottie":"","animation_opacity":60},"_links":{"self":[{"href":"https:\/\/seabrokers.no\/chartering\/wp-json\/wp\/v2\/pages\/24","targetHints":{"allow":["GET"]}}],"collection":[{"href":"https:\/\/seabrokers.no\/chartering\/wp-json\/wp\/v2\/pages"}],"about":[{"href":"https:\/\/seabrokers.no\/chartering\/wp-json\/wp\/v2\/types\/page"}],"author":[{"embeddable":true,"href":"https:\/\/seabrokers.no\/chartering\/wp-json\/wp\/v2\/users\/1"}],"replies":[{"embeddable":true,"href":"https:\/\/seabrokers.no\/chartering\/wp-json\/wp\/v2\/comments?post=24"}],"version-history":[{"count":0,"href":"https:\/\/seabrokers.no\/chartering\/wp-json\/wp\/v2\/pages\/24\/revisions"}],"up":[{"embeddable":true,"href":"https:\/\/seabrokers.no\/chartering\/wp-json\/wp\/v2\/pages\/22"}],"wp:featuredmedia":[{"embeddable":true,"href":"https:\/\/seabrokers.no\/chartering\/wp-json\/wp\/v2\/media\/913"}],"wp:attachment":[{"href":"https:\/\/seabrokers.no\/chartering\/wp-json\/wp\/v2\/media?parent=24"}],"curies":[{"name":"wp","href":"https:\/\/api.w.org\/{rel}","templated":true}]}}