{"id":26,"date":"2023-04-17T08:00:04","date_gmt":"2023-04-17T08:00:04","guid":{"rendered":"https:\/\/seabrokers.no\/chartering\/?page_id=26"},"modified":"2023-09-05T13:14:08","modified_gmt":"2023-09-05T13:14:08","slug":"sertifiseringer","status":"publish","type":"page","link":"https:\/\/seabrokers.no\/chartering\/baerekraft-khms\/sertifiseringer\/","title":{"rendered":"Helse, milj\u00f8 &#038; sikkerhet"},"content":{"rendered":"<p>Derfor er v\u00e5rt m\u00e5l \u00e5:<\/p>\n<ul>\n<li>Levere et integrert styringssystem som er i samsvar med gjeldende ISO-standarder.<\/li>\n<li>Tydelig definere og dokumentere v\u00e5re m\u00e5l og m\u00e5lsetninger.<\/li>\n<li>Trene og utvikle v\u00e5re medarbeidere til standarden som kreves for \u00e5 levere utmerket service til v\u00e5re kunder, samtidig som vi viser v\u00e5rt engasjement for QHSE beste praksis, overholdelse og forbedring.<\/li>\n<li>Identifisere, samt registrere forretningsrisikoer og muligheter for stadig \u00e5 tilpasse oss organisasjonens kontekst og eventuelle endringer som er relevant for kravene til interessenter.<\/li>\n<li>Identifisere og overholde alle relevante lover og bransjestandarder.<\/li>\n<li>Minimere milj\u00f8p\u00e5virkningen av v\u00e5re operasjoner.<\/li>\n<li>S\u00f8rge for n\u00f8ye bruk av materielle ressurser for \u00e5 redusere avfall og forurensning til et minimum.<\/li>\n<li>Skape og opprettholde en sunn arbeidskultur og arbeidsmilj\u00f8 for v\u00e5re ansatte.<\/li>\n<li>S\u00f8rge for helsen og sikkerheten til eventuelle underentrepren\u00f8rer og andre personer som kan bli ber\u00f8rt av v\u00e5re aktiviteter.<\/li>\n<li>S\u00f8rge for at alle ansatte er klar over sine lovp\u00e5lagte plikter; at de tar vare p\u00e5 seg selv, andre og milj\u00f8et de jobber og bor i.<\/li>\n<li>S\u00f8rge for konfidensialitet av informasjon, inkludert informasjon som er gitt av v\u00e5re kunder.<\/li>\n<\/ul>\n<p>Seabrokers Chartering vil oppn\u00e5 disse m\u00e5lene og forretningsm\u00e5lene v\u00e5re ved: gjennomgang og kontinuerlig forbedring av det integrerte styringssystemet, intern kommunikasjon, kompetent og profesjonelt tilsyn og l\u00f8pende oppl\u00e6ring og utvikling av alt personell.<\/p>\n","protected":false},"excerpt":{"rendered":"<p>Derfor er v\u00e5rt m\u00e5l \u00e5: Levere et integrert styringssystem som er i samsvar med gjeldende ISO-standarder. Tydelig definere og dokumentere v\u00e5re m\u00e5l og m\u00e5lsetninger. Trene og utvikle v\u00e5re medarbeidere til standarden som kreves for \u00e5 levere utmerket service til v\u00e5re kunder, samtidig som vi viser v\u00e5rt engasjement for QHSE beste praksis, overholdelse og forbedring. Identifisere, [&hellip;]<\/p>\n","protected":false},"author":1,"featured_media":924,"parent":22,"menu_order":18,"comment_status":"closed","ping_status":"closed","template":"","meta":{"footnotes":"","_links_to":"","_links_to_target":""},"class_list":["post-26","page","type-page","status-publish","hentry"],"acf":{"subtitle":"","title":"Kvalitet i alle ledd","text":"Seabrokers Chartering har som m\u00e5l \u00e5 ikke bare tilfredsstille, men \u00e5 overg\u00e5 kundenes forventninger ved \u00e5 gi dem kvalitetsprodukter og tjenester. ","buttons":null,"image":"","video":"","focus_point":"end","style":"dark","type":"full","overlay_opacity":40,"enable_animation":false,"lottie":"","animation_opacity":60},"_links":{"self":[{"href":"https:\/\/seabrokers.no\/chartering\/wp-json\/wp\/v2\/pages\/26","targetHints":{"allow":["GET"]}}],"collection":[{"href":"https:\/\/seabrokers.no\/chartering\/wp-json\/wp\/v2\/pages"}],"about":[{"href":"https:\/\/seabrokers.no\/chartering\/wp-json\/wp\/v2\/types\/page"}],"author":[{"embeddable":true,"href":"https:\/\/seabrokers.no\/chartering\/wp-json\/wp\/v2\/users\/1"}],"replies":[{"embeddable":true,"href":"https:\/\/seabrokers.no\/chartering\/wp-json\/wp\/v2\/comments?post=26"}],"version-history":[{"count":0,"href":"https:\/\/seabrokers.no\/chartering\/wp-json\/wp\/v2\/pages\/26\/revisions"}],"up":[{"embeddable":true,"href":"https:\/\/seabrokers.no\/chartering\/wp-json\/wp\/v2\/pages\/22"}],"wp:featuredmedia":[{"embeddable":true,"href":"https:\/\/seabrokers.no\/chartering\/wp-json\/wp\/v2\/media\/924"}],"wp:attachment":[{"href":"https:\/\/seabrokers.no\/chartering\/wp-json\/wp\/v2\/media?parent=26"}],"curies":[{"name":"wp","href":"https:\/\/api.w.org\/{rel}","templated":true}]}}