{"id":27,"date":"2023-04-17T08:00:17","date_gmt":"2023-04-17T08:00:17","guid":{"rendered":"https:\/\/seabrokers.no\/chartering\/?page_id=27"},"modified":"2023-09-05T13:03:23","modified_gmt":"2023-09-05T13:03:23","slug":"kontakt","status":"publish","type":"page","link":"https:\/\/seabrokers.no\/chartering\/kontakt\/","title":{"rendered":"Kontakt"},"content":{"rendered":"","protected":false},"excerpt":{"rendered":"","protected":false},"author":1,"featured_media":919,"parent":0,"menu_order":16,"comment_status":"closed","ping_status":"closed","template":"tpl-archive.php","meta":{"footnotes":"","_links_to":"","_links_to_target":""},"class_list":["post-27","page","type-page","status-publish","hentry"],"acf":{"subtitle":"Kontakt","title":"Vi er her for \u00e5 hjelpe deg","text":"Lurer du p\u00e5 noe? Ikke n\u00f8l med \u00e5 ta kontakt med oss!  ","buttons":null,"image":"","video":"","focus_point":"end","style":"dark","type":"full","overlay_opacity":40,"enable_animation":false,"lottie":"","animation_opacity":60},"_links":{"self":[{"href":"https:\/\/seabrokers.no\/chartering\/wp-json\/wp\/v2\/pages\/27","targetHints":{"allow":["GET"]}}],"collection":[{"href":"https:\/\/seabrokers.no\/chartering\/wp-json\/wp\/v2\/pages"}],"about":[{"href":"https:\/\/seabrokers.no\/chartering\/wp-json\/wp\/v2\/types\/page"}],"author":[{"embeddable":true,"href":"https:\/\/seabrokers.no\/chartering\/wp-json\/wp\/v2\/users\/1"}],"replies":[{"embeddable":true,"href":"https:\/\/seabrokers.no\/chartering\/wp-json\/wp\/v2\/comments?post=27"}],"version-history":[{"count":0,"href":"https:\/\/seabrokers.no\/chartering\/wp-json\/wp\/v2\/pages\/27\/revisions"}],"wp:featuredmedia":[{"embeddable":true,"href":"https:\/\/seabrokers.no\/chartering\/wp-json\/wp\/v2\/media\/919"}],"wp:attachment":[{"href":"https:\/\/seabrokers.no\/chartering\/wp-json\/wp\/v2\/media?parent=27"}],"curies":[{"name":"wp","href":"https:\/\/api.w.org\/{rel}","templated":true}]}}