{"id":497,"date":"2023-05-02T13:07:20","date_gmt":"2023-05-02T13:07:20","guid":{"rendered":"https:\/\/seabrokers.no\/chartering\/?page_id=497"},"modified":"2023-06-21T13:19:42","modified_gmt":"2023-06-21T13:19:42","slug":"markedsanalyser","status":"publish","type":"page","link":"https:\/\/seabrokers.no\/chartering\/markedsanalyser\/","title":{"rendered":"Markedsanalyser"},"content":{"rendered":"<p>Som kunde kan du alltid ta kontakt med v\u00e5re meglere og analytikere for \u00e5 diskutere den siste markedsutviklingen. Noen i v\u00e5rt team skal alltid v\u00e6re beredt til \u00e5 hjelpe deg.<\/p>\n","protected":false},"excerpt":{"rendered":"<p>Som kunde kan du alltid ta kontakt med v\u00e5re meglere og analytikere for \u00e5 diskutere den siste markedsutviklingen. Noen i v\u00e5rt team skal alltid v\u00e6re beredt til \u00e5 hjelpe deg.<\/p>\n","protected":false},"author":1,"featured_media":321,"parent":0,"menu_order":13,"comment_status":"closed","ping_status":"closed","template":"tpl-archive.php","meta":{"footnotes":"","_links_to":"","_links_to_target":""},"class_list":["post-497","page","type-page","status-publish","hentry"],"acf":{"subtitle":"Markedsanalyser","title":"Rett beslutning <br>til rett tid","text":"Vi tilbyr den mest oppdaterte markedsinformasjonen basert p\u00e5 data fra v\u00e5re egne interne analytikere.\r\n","buttons":null,"image":"","video":"","focus_point":"start","style":"dark","type":"full","overlay_opacity":30,"enable_animation":false,"lottie":"","animation_opacity":60},"_links":{"self":[{"href":"https:\/\/seabrokers.no\/chartering\/wp-json\/wp\/v2\/pages\/497","targetHints":{"allow":["GET"]}}],"collection":[{"href":"https:\/\/seabrokers.no\/chartering\/wp-json\/wp\/v2\/pages"}],"about":[{"href":"https:\/\/seabrokers.no\/chartering\/wp-json\/wp\/v2\/types\/page"}],"author":[{"embeddable":true,"href":"https:\/\/seabrokers.no\/chartering\/wp-json\/wp\/v2\/users\/1"}],"replies":[{"embeddable":true,"href":"https:\/\/seabrokers.no\/chartering\/wp-json\/wp\/v2\/comments?post=497"}],"version-history":[{"count":0,"href":"https:\/\/seabrokers.no\/chartering\/wp-json\/wp\/v2\/pages\/497\/revisions"}],"wp:featuredmedia":[{"embeddable":true,"href":"https:\/\/seabrokers.no\/chartering\/wp-json\/wp\/v2\/media\/321"}],"wp:attachment":[{"href":"https:\/\/seabrokers.no\/chartering\/wp-json\/wp\/v2\/media?parent=497"}],"curies":[{"name":"wp","href":"https:\/\/api.w.org\/{rel}","templated":true}]}}