{"id":57,"date":"2023-04-18T11:12:20","date_gmt":"2023-04-18T11:12:20","guid":{"rendered":"https:\/\/seabrokers.no\/eiendom\/?page_id=57"},"modified":"2023-07-11T13:43:33","modified_gmt":"2023-07-11T13:43:33","slug":"hvorfor-oss","status":"publish","type":"page","link":"https:\/\/seabrokers.no\/eiendom\/hvorfor-oss\/","title":{"rendered":"Hvorfor oss?"},"content":{"rendered":"<p>Seabrokers Eiendom har de siste 10 \u00e5rene utviklet og bygget de kanskje beste kontorlokalene p\u00e5 Forus, b\u00e5de med tanke p\u00e5 estetikk og effektivt og godt arbeidsmilj\u00f8. Vi har bygget med tanke p\u00e5 fremtiden, og har et sv\u00e6rt langsiktig perspektiv p\u00e5 v\u00e5re investeringer \u2013 b\u00e5de som eier, utvikler og forvalter. Vi fremst\u00e5r i dag som en av regionens st\u00f8rste private eiendomsbesittere, og har dermed stor fleksibilitet i v\u00e5r portef\u00f8lje, til fordel for eksisterende og fremtidige leietakere.<\/p>\n<h3>Tro p\u00e5 fremtiden<\/h3>\n<p>Seabrokers har langsiktighet og omstillingsevne i blodet. Vi vil v\u00e6re leietakers partner i gode og d\u00e5rlige tider. Vi har tro p\u00e5 fremtiden for regionens n\u00e6ringsliv. Vi er stolt over v\u00e5re leietakere som spenner fra grunderspirer via etablerte tech-selskaper til internasjonale lokomotiv. Ingen vet hva morgendagen bringer, men vi er nysgjerrige p\u00e5 den, og vil bidra!<\/p>\n<p>Behold kompetansen \u2013 lei av Seabrokers!<\/p>\n","protected":false},"excerpt":{"rendered":"<p>Seabrokers Eiendom har de siste 10 \u00e5rene utviklet og bygget de kanskje beste kontorlokalene p\u00e5 Forus, b\u00e5de med tanke p\u00e5 estetikk og effektivt og godt arbeidsmilj\u00f8. Vi har bygget med tanke p\u00e5 fremtiden, og har et sv\u00e6rt langsiktig perspektiv p\u00e5 v\u00e5re investeringer \u2013 b\u00e5de som eier, utvikler og forvalter. Vi fremst\u00e5r i dag som en [&hellip;]<\/p>\n","protected":false},"author":1,"featured_media":506,"parent":0,"menu_order":0,"comment_status":"closed","ping_status":"closed","template":"","meta":{"footnotes":"","_links_to":"","_links_to_target":""},"class_list":["post-57","page","type-page","status-publish","hentry"],"acf":{"subtitle":"","title":"Muligheter med Seabrokers","text":"Seabrokers Eiendom eier og forvalter over 240.000m\u00b2 n\u00e6ringseiendom. Vi er en langsiktig eier, med tro p\u00e5 fremtiden og sterke leietakere. Dette gir oss fleksibilitet.","buttons":null,"image":"","video":"","focus_point":"end","style":"dark","type":"full","overlay_opacity":45,"enable_animation":false,"lottie":"","animation_opacity":60},"_links":{"self":[{"href":"https:\/\/seabrokers.no\/eiendom\/wp-json\/wp\/v2\/pages\/57","targetHints":{"allow":["GET"]}}],"collection":[{"href":"https:\/\/seabrokers.no\/eiendom\/wp-json\/wp\/v2\/pages"}],"about":[{"href":"https:\/\/seabrokers.no\/eiendom\/wp-json\/wp\/v2\/types\/page"}],"author":[{"embeddable":true,"href":"https:\/\/seabrokers.no\/eiendom\/wp-json\/wp\/v2\/users\/1"}],"replies":[{"embeddable":true,"href":"https:\/\/seabrokers.no\/eiendom\/wp-json\/wp\/v2\/comments?post=57"}],"version-history":[{"count":0,"href":"https:\/\/seabrokers.no\/eiendom\/wp-json\/wp\/v2\/pages\/57\/revisions"}],"wp:featuredmedia":[{"embeddable":true,"href":"https:\/\/seabrokers.no\/eiendom\/wp-json\/wp\/v2\/media\/506"}],"wp:attachment":[{"href":"https:\/\/seabrokers.no\/eiendom\/wp-json\/wp\/v2\/media?parent=57"}],"curies":[{"name":"wp","href":"https:\/\/api.w.org\/{rel}","templated":true}]}}