{"id":58,"date":"2023-04-18T11:12:33","date_gmt":"2023-04-18T11:12:33","guid":{"rendered":"https:\/\/seabrokers.no\/eiendom\/?page_id=58"},"modified":"2023-09-06T18:32:48","modified_gmt":"2023-09-06T18:32:48","slug":"eiendommer","status":"publish","type":"page","link":"https:\/\/seabrokers.no\/eiendom\/eiendommer\/","title":{"rendered":"Eiendommer"},"content":{"rendered":"<p>Seabrokers eier og forvalter eiendommer prim\u00e6rt i Stavanger-omr\u00e5det. I tillegg har vi flere store eiendommer p\u00e5 tegnebrettet.<\/p>\n","protected":false},"excerpt":{"rendered":"<p>Seabrokers eier og forvalter eiendommer prim\u00e6rt i Stavanger-omr\u00e5det. I tillegg har vi flere store eiendommer p\u00e5 tegnebrettet.<\/p>\n","protected":false},"author":1,"featured_media":778,"parent":0,"menu_order":0,"comment_status":"closed","ping_status":"closed","template":"tpl-archive.php","meta":{"footnotes":"","_links_to":"","_links_to_target":""},"class_list":["post-58","page","type-page","status-publish","hentry"],"acf":{"subtitle":"","title":"V\u00e5re eiendommer","text":"Seabrokers Eiendom har en samlet portef\u00f8lje p\u00e5 ca. 240.000 m2, med hovedvekt p\u00e5 Stavanger-regionens viktigste n\u00e6ringsomr\u00e5de, Forus.  ","buttons":null,"image":"","video":"","focus_point":"end","style":"dark","type":"full","overlay_opacity":50,"enable_animation":false,"lottie":"","animation_opacity":60},"_links":{"self":[{"href":"https:\/\/seabrokers.no\/eiendom\/wp-json\/wp\/v2\/pages\/58","targetHints":{"allow":["GET"]}}],"collection":[{"href":"https:\/\/seabrokers.no\/eiendom\/wp-json\/wp\/v2\/pages"}],"about":[{"href":"https:\/\/seabrokers.no\/eiendom\/wp-json\/wp\/v2\/types\/page"}],"author":[{"embeddable":true,"href":"https:\/\/seabrokers.no\/eiendom\/wp-json\/wp\/v2\/users\/1"}],"replies":[{"embeddable":true,"href":"https:\/\/seabrokers.no\/eiendom\/wp-json\/wp\/v2\/comments?post=58"}],"version-history":[{"count":0,"href":"https:\/\/seabrokers.no\/eiendom\/wp-json\/wp\/v2\/pages\/58\/revisions"}],"wp:featuredmedia":[{"embeddable":true,"href":"https:\/\/seabrokers.no\/eiendom\/wp-json\/wp\/v2\/media\/778"}],"wp:attachment":[{"href":"https:\/\/seabrokers.no\/eiendom\/wp-json\/wp\/v2\/media?parent=58"}],"curies":[{"name":"wp","href":"https:\/\/api.w.org\/{rel}","templated":true}]}}