{"id":60,"date":"2023-04-18T11:49:27","date_gmt":"2023-04-18T11:49:27","guid":{"rendered":"https:\/\/seabrokers.no\/eiendom\/?page_id=60"},"modified":"2025-10-21T11:48:48","modified_gmt":"2025-10-21T11:48:48","slug":"om-oss","status":"publish","type":"page","link":"https:\/\/seabrokers.no\/eiendom\/selskapet\/om-oss\/","title":{"rendered":"Om oss"},"content":{"rendered":"<p>Seabrokers Eiendom er i dag en av Stavanger-regionens st\u00f8rste eiendomsutviklere.<\/p>\n<p>Vi har klare ambisjoner om \u00e5 styrke v\u00e5r posisjon som utvikler av attraktiv og b\u00e6rekraftig n\u00e6ringseiendom i Stavanger-regionen, \u2013 derfor er vi alltid p\u00e5 jakt etter nye muligheter for vekst. Seabrokers Eiendom er en del av Seabrokers Group.<\/p>\n","protected":false},"excerpt":{"rendered":"<p>Seabrokers Eiendom er i dag en av Stavanger-regionens st\u00f8rste eiendomsutviklere. Vi har klare ambisjoner om \u00e5 styrke v\u00e5r posisjon som utvikler av attraktiv og b\u00e6rekraftig n\u00e6ringseiendom i Stavanger-regionen, \u2013 derfor er vi alltid p\u00e5 jakt etter nye muligheter for vekst. Seabrokers Eiendom er en del av Seabrokers Group.<\/p>\n","protected":false},"author":1,"featured_media":1200,"parent":59,"menu_order":0,"comment_status":"closed","ping_status":"closed","template":"","meta":{"footnotes":"","_links_to":"","_links_to_target":""},"class_list":["post-60","page","type-page","status-publish","hentry"],"acf":{"subtitle":"","title":"Vi utvikler attraktive og b\u00e6rekraftige n\u00e6ringseiendommer","text":"I dag eier og forvalter vi over 240 000 m\u00b2 moderne n\u00e6ringseiendom p\u00e5 Forus, i tillegg til andre eiendommer i regionen, landet og utlandet.","buttons":null,"image":"","video":"","focus_point":"center","style":"dark","type":"full","overlay_opacity":30,"enable_animation":false,"lottie":"","animation_opacity":60},"_links":{"self":[{"href":"https:\/\/seabrokers.no\/eiendom\/wp-json\/wp\/v2\/pages\/60","targetHints":{"allow":["GET"]}}],"collection":[{"href":"https:\/\/seabrokers.no\/eiendom\/wp-json\/wp\/v2\/pages"}],"about":[{"href":"https:\/\/seabrokers.no\/eiendom\/wp-json\/wp\/v2\/types\/page"}],"author":[{"embeddable":true,"href":"https:\/\/seabrokers.no\/eiendom\/wp-json\/wp\/v2\/users\/1"}],"replies":[{"embeddable":true,"href":"https:\/\/seabrokers.no\/eiendom\/wp-json\/wp\/v2\/comments?post=60"}],"version-history":[{"count":0,"href":"https:\/\/seabrokers.no\/eiendom\/wp-json\/wp\/v2\/pages\/60\/revisions"}],"up":[{"embeddable":true,"href":"https:\/\/seabrokers.no\/eiendom\/wp-json\/wp\/v2\/pages\/59"}],"wp:featuredmedia":[{"embeddable":true,"href":"https:\/\/seabrokers.no\/eiendom\/wp-json\/wp\/v2\/media\/1200"}],"wp:attachment":[{"href":"https:\/\/seabrokers.no\/eiendom\/wp-json\/wp\/v2\/media?parent=60"}],"curies":[{"name":"wp","href":"https:\/\/api.w.org\/{rel}","templated":true}]}}