{"id":62,"date":"2023-04-18T11:49:46","date_gmt":"2023-04-18T11:49:46","guid":{"rendered":"https:\/\/seabrokers.no\/eiendom\/?page_id=62"},"modified":"2023-07-11T13:38:39","modified_gmt":"2023-07-11T13:38:39","slug":"historie","status":"publish","type":"page","link":"https:\/\/seabrokers.no\/eiendom\/selskapet\/historie\/","title":{"rendered":"Historie"},"content":{"rendered":"<p>Seabrokers entret eiendomsmarkedet i 1990 da vi kj\u00f8pte 3. etasje i Forusbeen 80, hvor vi selv flyttet inn. Ikke lenge etterp\u00e5 kj\u00f8pte vi 2. etasje, som ble leid ut til Sola reisebyr\u00e5 som i dag b\u00e6rer navnet Egencia. De er fremdeles leietakere den dag i dag.<\/p>\n<p>I 1998 ble Seabrokers House ferdigstilt p\u00e5 naboeiendommen Forusbeen 78. 4 \u00e5r etter ble kontorbygget i Vassbotnen 23 kj\u00f8pt og senere bygget ut til tredobbel st\u00f8rrelse, ca. 36 000 m\u00b2. Bygget gjennomgikk en vesentlig modernisering i 2022\/2023.<\/p>\n<p>I 2004 ble Seabrokers Eiendom stiftet i forbindelse med kj\u00f8pet av et uregulert omr\u00e5de i hjertet av Forus p\u00e5 ca. 200 m\u00e5l. Dette var en stor satsing som har resultert i over 200 000 m\u00b2 med n\u00e6ringseiendom, \u2013 b\u00e5de kombinasjonsbygg, parkeringshus og rene kontorbygg.<\/p>\n<p>Det f\u00f8rste bygget i denne satsningen, Vestre Svanholmen 14, ble ferdigstilt i 2006. I 2015 \u00e5pnet vi v\u00e5rt hittil st\u00f8rste bygg \u2013 p\u00e5 hele 42 000 m\u00b2, som leies av Oceaneering. Alle byggene er moderne og oppf\u00f8rt med h\u00f8y byggeteknisk standard og milj\u00f8 i fokus.<\/p>\n<p>Vi har ogs\u00e5 flere eiendommer utenfor Forus, blant annet p\u00e5 Sola, Risavika, Langholmen i Eigersund, Bamble i Telemark og Aberdeen.<\/p>\n","protected":false},"excerpt":{"rendered":"<p>Seabrokers entret eiendomsmarkedet i 1990 da vi kj\u00f8pte 3. etasje i Forusbeen 80, hvor vi selv flyttet inn. Ikke lenge etterp\u00e5 kj\u00f8pte vi 2. etasje, som ble leid ut til Sola reisebyr\u00e5 som i dag b\u00e6rer navnet Egencia. De er fremdeles leietakere den dag i dag. I 1998 ble Seabrokers House ferdigstilt p\u00e5 naboeiendommen Forusbeen [&hellip;]<\/p>\n","protected":false},"author":1,"featured_media":498,"parent":59,"menu_order":0,"comment_status":"closed","ping_status":"closed","template":"","meta":{"footnotes":"","_links_to":"","_links_to_target":""},"class_list":["post-62","page","type-page","status-publish","hentry"],"acf":{"subtitle":"","title":"Historien v\u00e5r","text":"Over tid har Seabrokers Eiendom blitt en av regionens st\u00f8rste eiendomsutviklere, og vi er alltid p\u00e5 utkikk etter nye og spennende prosjekter.","buttons":null,"image":"","video":"","focus_point":"end","style":"dark","type":"full","overlay_opacity":30,"enable_animation":false,"lottie":"","animation_opacity":60},"_links":{"self":[{"href":"https:\/\/seabrokers.no\/eiendom\/wp-json\/wp\/v2\/pages\/62","targetHints":{"allow":["GET"]}}],"collection":[{"href":"https:\/\/seabrokers.no\/eiendom\/wp-json\/wp\/v2\/pages"}],"about":[{"href":"https:\/\/seabrokers.no\/eiendom\/wp-json\/wp\/v2\/types\/page"}],"author":[{"embeddable":true,"href":"https:\/\/seabrokers.no\/eiendom\/wp-json\/wp\/v2\/users\/1"}],"replies":[{"embeddable":true,"href":"https:\/\/seabrokers.no\/eiendom\/wp-json\/wp\/v2\/comments?post=62"}],"version-history":[{"count":0,"href":"https:\/\/seabrokers.no\/eiendom\/wp-json\/wp\/v2\/pages\/62\/revisions"}],"up":[{"embeddable":true,"href":"https:\/\/seabrokers.no\/eiendom\/wp-json\/wp\/v2\/pages\/59"}],"wp:featuredmedia":[{"embeddable":true,"href":"https:\/\/seabrokers.no\/eiendom\/wp-json\/wp\/v2\/media\/498"}],"wp:attachment":[{"href":"https:\/\/seabrokers.no\/eiendom\/wp-json\/wp\/v2\/media?parent=62"}],"curies":[{"name":"wp","href":"https:\/\/api.w.org\/{rel}","templated":true}]}}