{"id":64,"date":"2023-04-18T11:50:16","date_gmt":"2023-04-18T11:50:16","guid":{"rendered":"https:\/\/seabrokers.no\/eiendom\/?page_id=64"},"modified":"2026-04-22T11:41:51","modified_gmt":"2026-04-22T11:41:51","slug":"baerekraft-khms","status":"publish","type":"page","link":"https:\/\/seabrokers.no\/eiendom\/baerekraft-khms\/","title":{"rendered":"B\u00e6rekraft &#038; KHMS"},"content":{"rendered":"<p>Siden etableringen av Seabrokers Group i 1982 har m\u00e5let v\u00e6rt b\u00e6rekraftig innovasjon. Vi har v\u00e6rt ledende innen ny teknologi og milj\u00f8vennlige l\u00f8sninger til alle tider, og vil fortsette m\u00e5let mot en mer b\u00e6rekraftig verden.<\/p>\n<p>Seabrokers Eiendom har et sterkt fokus p\u00e5 gr\u00f8nne bygg, og vi er blant de f\u00f8rste medlemmene av Gr\u00f8nn Byggallianse. To av byggene v\u00e5re er frontet av Enova og fagpresse som gode eksempler p\u00e5 energibesparende bygg.<\/p>\n<p>Et gjennomsnittlig norsk kontorbygg bruker ca. 250 kWh\/\u00e5r pr m\u00b2, mens Vestre Svanholmen 14 (Aibelbygget) krever til sammenligning kun 108 kWh.\u00a0Energibesparelse gir leietaker en \u00f8konomisk gevinst, milj\u00f8gevinst og omd\u00f8mmegevinst.<\/p>\n<p>Vi er opptatt av at v\u00e5re kunder skal f\u00e5 god oppf\u00f8lging og service gjennom prosessen og under hele leieforholdet.<\/p>\n<p>Vi har utarbeidet en Milj\u00f8policy med tilh\u00f8rende handlingsplan hvor vi har fokus p\u00e5 tiltak som skal bidra til \u00e5 n\u00e5 f\u00f8lgende m\u00e5l innen 2026:<\/p>\n<ul>\n<li>Redusere energiforbruket med 5%<\/li>\n<li>Redusere vannforbruket med 5%<\/li>\n<li>\u00d8ke sorteringsgrad p\u00e5 avfall med 6%<\/li>\n<\/ul>\n<p>les mer om v\u00e5r Milj\u00f8policy her <a href=\"https:\/\/seabrokers.no\/eiendom\/wp-content\/uploads\/sites\/5\/2024\/12\/miljopolicy.pdf\">milj\u00f8policy<\/a><\/p>\n<p>&nbsp;<\/p>\n","protected":false},"excerpt":{"rendered":"<p>Siden etableringen av Seabrokers Group i 1982 har m\u00e5let v\u00e6rt b\u00e6rekraftig innovasjon. Vi har v\u00e6rt ledende innen ny teknologi og milj\u00f8vennlige l\u00f8sninger til alle tider, og vil fortsette m\u00e5let mot en mer b\u00e6rekraftig verden. Seabrokers Eiendom har et sterkt fokus p\u00e5 gr\u00f8nne bygg, og vi er blant de f\u00f8rste medlemmene av Gr\u00f8nn Byggallianse. To av [&hellip;]<\/p>\n","protected":false},"author":1,"featured_media":774,"parent":0,"menu_order":0,"comment_status":"closed","ping_status":"closed","template":"","meta":{"footnotes":"","_links_to":"","_links_to_target":""},"class_list":["post-64","page","type-page","status-publish","hentry"],"acf":{"subtitle":"","title":"Med fremtiden for \u00f8yet","text":"Vi vil bidra til l\u00f8sninger som reduser v\u00e5rt klimaavtrykk og \u00f8ker v\u00e5r kunnskap innen ny gr\u00f8nn teknologi og b\u00e6rekraftige l\u00f8sninger.","buttons":null,"image":"","video":"","focus_point":"start","style":"dark","type":"full","overlay_opacity":30,"enable_animation":false,"lottie":"","animation_opacity":60},"_links":{"self":[{"href":"https:\/\/seabrokers.no\/eiendom\/wp-json\/wp\/v2\/pages\/64","targetHints":{"allow":["GET"]}}],"collection":[{"href":"https:\/\/seabrokers.no\/eiendom\/wp-json\/wp\/v2\/pages"}],"about":[{"href":"https:\/\/seabrokers.no\/eiendom\/wp-json\/wp\/v2\/types\/page"}],"author":[{"embeddable":true,"href":"https:\/\/seabrokers.no\/eiendom\/wp-json\/wp\/v2\/users\/1"}],"replies":[{"embeddable":true,"href":"https:\/\/seabrokers.no\/eiendom\/wp-json\/wp\/v2\/comments?post=64"}],"version-history":[{"count":0,"href":"https:\/\/seabrokers.no\/eiendom\/wp-json\/wp\/v2\/pages\/64\/revisions"}],"wp:featuredmedia":[{"embeddable":true,"href":"https:\/\/seabrokers.no\/eiendom\/wp-json\/wp\/v2\/media\/774"}],"wp:attachment":[{"href":"https:\/\/seabrokers.no\/eiendom\/wp-json\/wp\/v2\/media?parent=64"}],"curies":[{"name":"wp","href":"https:\/\/api.w.org\/{rel}","templated":true}]}}