{"id":65,"date":"2023-04-18T11:50:26","date_gmt":"2023-04-18T11:50:26","guid":{"rendered":"https:\/\/seabrokers.no\/eiendom\/?page_id=65"},"modified":"2023-08-22T13:12:52","modified_gmt":"2023-08-22T13:12:52","slug":"corporate-social-responsibility","status":"publish","type":"page","link":"https:\/\/seabrokers.no\/eiendom\/baerekraft-khms\/corporate-social-responsibility\/","title":{"rendered":"Samfunnsansvar"},"content":{"rendered":"<ul>\n<li>Seabrokers skal v\u00e6re en inkluderende og god arbeidsplass som fremmer utvikling, samskaping og vekst.<\/li>\n<li>Vi skal fremst\u00e5 som en solid partner som legger til rette for samarbeid p\u00e5 tvers av bransjer og yrkesgrupper, med mennesker som trives i et godt arbeidsmilj\u00f8. Vi har mennesker og samfunn i fokus.<\/li>\n<li>Yrker er i endring og det er behov for b\u00e5de nyutdannede og dem som har lang og god erfaring. Vi i Seabrokers har tro p\u00e5 team som utfyller hverandre og spiller hverandre gode!<\/li>\n<li>Vi \u00f8nsker \u00e5 v\u00e6re synlige i v\u00e5rt n\u00e6rmilj\u00f8, og gjennom v\u00e5rt samfunnsengasjement skal vi bidra til et mer inkluderende lokalsamfunn hvor forskjeller blir mindre. Alle skal med!<\/li>\n<li>Programmene og sponsoratene vi st\u00f8tter n\u00e5 retter seg mot barn og unge innenfor bredde- og eliteidrett, men ogs\u00e5 innen innovasjon, utdanning og fremtidens arbeidskraft. Vi st\u00f8tter dagens og morgendagens helter!<\/li>\n<\/ul>\n","protected":false},"excerpt":{"rendered":"<p>Seabrokers skal v\u00e6re en inkluderende og god arbeidsplass som fremmer utvikling, samskaping og vekst. Vi skal fremst\u00e5 som en solid partner som legger til rette for samarbeid p\u00e5 tvers av bransjer og yrkesgrupper, med mennesker som trives i et godt arbeidsmilj\u00f8. Vi har mennesker og samfunn i fokus. Yrker er i endring og det er [&hellip;]<\/p>\n","protected":false},"author":1,"featured_media":766,"parent":64,"menu_order":0,"comment_status":"closed","ping_status":"closed","template":"","meta":{"footnotes":"","_links_to":"","_links_to_target":""},"class_list":["post-65","page","type-page","status-publish","hentry"],"acf":{"subtitle":"","title":"En ansvarlig samfunnsakt\u00f8r","text":"Med fokus p\u00e5 mennesker, arbeidsmilj\u00f8 og samfunn.","buttons":null,"image":"","video":"","focus_point":"center","style":"dark","type":"full","overlay_opacity":30,"enable_animation":false,"lottie":"","animation_opacity":60},"_links":{"self":[{"href":"https:\/\/seabrokers.no\/eiendom\/wp-json\/wp\/v2\/pages\/65","targetHints":{"allow":["GET"]}}],"collection":[{"href":"https:\/\/seabrokers.no\/eiendom\/wp-json\/wp\/v2\/pages"}],"about":[{"href":"https:\/\/seabrokers.no\/eiendom\/wp-json\/wp\/v2\/types\/page"}],"author":[{"embeddable":true,"href":"https:\/\/seabrokers.no\/eiendom\/wp-json\/wp\/v2\/users\/1"}],"replies":[{"embeddable":true,"href":"https:\/\/seabrokers.no\/eiendom\/wp-json\/wp\/v2\/comments?post=65"}],"version-history":[{"count":0,"href":"https:\/\/seabrokers.no\/eiendom\/wp-json\/wp\/v2\/pages\/65\/revisions"}],"up":[{"embeddable":true,"href":"https:\/\/seabrokers.no\/eiendom\/wp-json\/wp\/v2\/pages\/64"}],"wp:featuredmedia":[{"embeddable":true,"href":"https:\/\/seabrokers.no\/eiendom\/wp-json\/wp\/v2\/media\/766"}],"wp:attachment":[{"href":"https:\/\/seabrokers.no\/eiendom\/wp-json\/wp\/v2\/media?parent=65"}],"curies":[{"name":"wp","href":"https:\/\/api.w.org\/{rel}","templated":true}]}}