{"id":68,"date":"2023-04-18T11:50:59","date_gmt":"2023-04-18T11:50:59","guid":{"rendered":"https:\/\/seabrokers.no\/eiendom\/?page_id=68"},"modified":"2023-09-06T18:07:39","modified_gmt":"2023-09-06T18:07:39","slug":"miljo-gronne-bygg","status":"publish","type":"page","link":"https:\/\/seabrokers.no\/eiendom\/baerekraft-khms\/miljo-gronne-bygg\/","title":{"rendered":"Milj\u00f8 og gr\u00f8nne bygg"},"content":{"rendered":"<p>Flere av byggene v\u00e5re er frontet av Enova og fagpresse som gode eksempler p\u00e5 energibesparende bygg. Et gjennomsnittlig norsk kontorbygg bruker ca. 250 kWh\/\u00e5r pr m\u00b2, mens Vestre Svanholmen 14 krever til sammenligning kun 108 kWh. Energibesparelse gir leietaker en \u00f8konomisk gevinst, milj\u00f8gevinst og omd\u00f8mmegevinst. Vi har ogs\u00e5 innarbeidet smarte l\u00f8sninger i alle v\u00e5re eldre bygg for \u00e5 redusere energiforbruket.<\/p>\n","protected":false},"excerpt":{"rendered":"<p>Flere av byggene v\u00e5re er frontet av Enova og fagpresse som gode eksempler p\u00e5 energibesparende bygg. Et gjennomsnittlig norsk kontorbygg bruker ca. 250 kWh\/\u00e5r pr m\u00b2, mens Vestre Svanholmen 14 krever til sammenligning kun 108 kWh. Energibesparelse gir leietaker en \u00f8konomisk gevinst, milj\u00f8gevinst og omd\u00f8mmegevinst. Vi har ogs\u00e5 innarbeidet smarte l\u00f8sninger i alle v\u00e5re eldre [&hellip;]<\/p>\n","protected":false},"author":1,"featured_media":775,"parent":64,"menu_order":0,"comment_status":"closed","ping_status":"closed","template":"","meta":{"footnotes":"","_links_to":"","_links_to_target":""},"class_list":["post-68","page","type-page","status-publish","hentry"],"acf":{"subtitle":"","title":"Milj\u00f8vennlige bygg","text":"Seabrokers Eiendom har et sterkt fokus p\u00e5 gr\u00f8nne bygg. Vi er nysgjerrige p\u00e5 ny teknologi og kreative l\u00f8sninger. ","buttons":null,"image":"","video":"","focus_point":"end","style":"dark","type":"full","overlay_opacity":30,"enable_animation":false,"lottie":"","animation_opacity":60},"_links":{"self":[{"href":"https:\/\/seabrokers.no\/eiendom\/wp-json\/wp\/v2\/pages\/68","targetHints":{"allow":["GET"]}}],"collection":[{"href":"https:\/\/seabrokers.no\/eiendom\/wp-json\/wp\/v2\/pages"}],"about":[{"href":"https:\/\/seabrokers.no\/eiendom\/wp-json\/wp\/v2\/types\/page"}],"author":[{"embeddable":true,"href":"https:\/\/seabrokers.no\/eiendom\/wp-json\/wp\/v2\/users\/1"}],"replies":[{"embeddable":true,"href":"https:\/\/seabrokers.no\/eiendom\/wp-json\/wp\/v2\/comments?post=68"}],"version-history":[{"count":0,"href":"https:\/\/seabrokers.no\/eiendom\/wp-json\/wp\/v2\/pages\/68\/revisions"}],"up":[{"embeddable":true,"href":"https:\/\/seabrokers.no\/eiendom\/wp-json\/wp\/v2\/pages\/64"}],"wp:featuredmedia":[{"embeddable":true,"href":"https:\/\/seabrokers.no\/eiendom\/wp-json\/wp\/v2\/media\/775"}],"wp:attachment":[{"href":"https:\/\/seabrokers.no\/eiendom\/wp-json\/wp\/v2\/media?parent=68"}],"curies":[{"name":"wp","href":"https:\/\/api.w.org\/{rel}","templated":true}]}}