{"id":139,"date":"2023-04-18T12:02:54","date_gmt":"2023-04-18T12:02:54","guid":{"rendered":"https:\/\/seabrokers.no\/fundamentering\/?page_id=139"},"modified":"2023-06-29T14:52:30","modified_gmt":"2023-06-29T14:52:30","slug":"selskapet","status":"publish","type":"page","link":"https:\/\/seabrokers.no\/fundamentering\/selskapet\/","title":{"rendered":"Selskapet"},"content":{"rendered":"<p>Tungt anleggsarbeid kan ofte virke imponerende p\u00e5 grunn av st\u00f8rrelsen p\u00e5 maskinene og lyden de lager. For oss handler det likevel mest av alt om h\u00e5ndverk og dyktige fagfolk som leverer kvalitet.<\/p>\n<p>Slik har vi skapt en lojal og voksende kundegruppe \u2013 og vi er blitt Norges st\u00f8rste uavhengige fundamenteringsselskap med en bred portef\u00f8lje av tjenester.<\/p>\n<p>Underveis har vi h\u00e5ndtert noen av de mest utfordrende grunnforholdene i Norge. I tett samarbeid med byggefirmaer skaper vi trygg grunn til \u00e5 bygge strukturer som skal vare i generasjoner. Vi er stolte av \u00e5 levere utf\u00f8relse av h\u00f8y kvalitet, til avtalt tid og budsjett.<\/p>\n<p>Midt oppi alt dette er vi ogs\u00e5 opptatt av v\u00e5r felles fremtid. Derfor jobber vi kontinuerlig med \u00e5 redusere milj\u00f8avtrykket v\u00e5rt ved blant annet \u00e5 bruke biodrivstoff og elektrifisere stadig mer av produksjonen v\u00e5r.<\/p>\n<p>Vi engasjerer oss i \u00e5 skape uformelle m\u00f8teplasser hvor unge og gamle kan utvikle interesse og lidenskap for maskin og verkt\u00f8y. Og vi jobber tett med lokale skoler for \u00e5 gi et l\u00e6ringsmilj\u00f8 til elever som viser interesse for v\u00e5r lidenskap &#8211; \u00e5 bygge en bedre fremtid, et fundament om gangen.<\/p>\n","protected":false},"excerpt":{"rendered":"<p>Tungt anleggsarbeid kan ofte virke imponerende p\u00e5 grunn av st\u00f8rrelsen p\u00e5 maskinene og lyden de lager. For oss handler det likevel mest av alt om h\u00e5ndverk og dyktige fagfolk som leverer kvalitet. Slik har vi skapt en lojal og voksende kundegruppe \u2013 og vi er blitt Norges st\u00f8rste uavhengige fundamenteringsselskap med en bred portef\u00f8lje av [&hellip;]<\/p>\n","protected":false},"author":1,"featured_media":657,"parent":0,"menu_order":9,"comment_status":"closed","ping_status":"closed","template":"","meta":{"footnotes":"","_links_to":"","_links_to_target":""},"class_list":["post-139","page","type-page","status-publish","hentry"],"acf":{"subtitle":"","title":"Lidenskap for fundamentering","text":"Fundamentering skjer ofte med store maskiner og mye lyd. For oss handler det likevel mest av alt om h\u00e5ndverk \u2013 folk som kjenner faget sitt og er stolte av resultatet.","buttons":null,"image":"","video":"","focus_point":"center","style":"dark","type":"full","overlay_opacity":30,"enable_animation":false,"lottie":"","animation_opacity":60},"_links":{"self":[{"href":"https:\/\/seabrokers.no\/fundamentering\/wp-json\/wp\/v2\/pages\/139","targetHints":{"allow":["GET"]}}],"collection":[{"href":"https:\/\/seabrokers.no\/fundamentering\/wp-json\/wp\/v2\/pages"}],"about":[{"href":"https:\/\/seabrokers.no\/fundamentering\/wp-json\/wp\/v2\/types\/page"}],"author":[{"embeddable":true,"href":"https:\/\/seabrokers.no\/fundamentering\/wp-json\/wp\/v2\/users\/1"}],"replies":[{"embeddable":true,"href":"https:\/\/seabrokers.no\/fundamentering\/wp-json\/wp\/v2\/comments?post=139"}],"version-history":[{"count":0,"href":"https:\/\/seabrokers.no\/fundamentering\/wp-json\/wp\/v2\/pages\/139\/revisions"}],"wp:featuredmedia":[{"embeddable":true,"href":"https:\/\/seabrokers.no\/fundamentering\/wp-json\/wp\/v2\/media\/657"}],"wp:attachment":[{"href":"https:\/\/seabrokers.no\/fundamentering\/wp-json\/wp\/v2\/media?parent=139"}],"curies":[{"name":"wp","href":"https:\/\/api.w.org\/{rel}","templated":true}]}}