{"id":140,"date":"2023-04-18T12:03:05","date_gmt":"2023-04-18T12:03:05","guid":{"rendered":"https:\/\/seabrokers.no\/fundamentering\/?page_id=140"},"modified":"2023-06-29T14:57:12","modified_gmt":"2023-06-29T14:57:12","slug":"om-oss","status":"publish","type":"page","link":"https:\/\/seabrokers.no\/fundamentering\/selskapet\/om-oss\/","title":{"rendered":"Om oss"},"content":{"rendered":"<h3>Om Seabrokers Fundamentering<\/h3>\n<p>Seabrokers Fundamentering er bygget p\u00e5 en visjon om \u00e5 levere alt innen fundamenteringsarbeid til avtalt kvalitet tid og pris. Med dyktige ansatte og fleksible maskiner dekker vi et vidt spekter for utf\u00f8relse av spesialoppdrag.<\/p>\n<p>Med \u00e5rene har vi blitt landsdekkende og jobber kontinuerlig p\u00e5 titalls prosjekt over hele landet. Hovedkontoret v\u00e5rt ligger fortsatt i Stavanger, og vi har avdelingskontorer i Bamble, Bergen og Oslo.<\/p>\n<p>Vi har pelerigger til vanlige pele- og spuntoppdrag og\u00a0borerigger som utf\u00f8rer boring for st\u00e5lkjerner, energibr\u00f8nner, horisontalboring etc. V\u00e5re spesialpelemaskiner gj\u00f8r pelejobber effektivt og rasjonelt. Vi kan pele 10 meter ut fra senter av maskinen. Jobber som tradisjonelt har v\u00e6rt gjort p\u00e5 lekter, kan vi gj\u00f8re fra land med v\u00e5re maskiner.<\/p>\n<p>Vi utf\u00f8rer ogs\u00e5 spr\u00f8ytebetong, stagboring og spuntoppdrag med v\u00e5r spesialbygde gravemaskin. Utstyret er anskaffet med hensyn p\u00e5 fleksible arbeidsmetoder og et dyktig personell sikrer at vi kan utf\u00f8re spesialoppdrag innenfor v\u00e5re satsingsomr\u00e5der. Ingen oppdrag er for store eller for sm\u00e5 for Seabrokers Fundamentering.<\/p>\n<p>Fundamentering er mer enn peling, boring og spunting. Fundamentering er en l\u00f8sning p\u00e5 grunnarbeidene. Vi har lang erfaring og kunnskap til \u00e5 gi r\u00e5dene som gj\u00f8r at vi sammen kommer frem til de gode l\u00f8sningene. Jo tidligere i prosessen vi blir involvert, jo lettere er det \u00e5 komme med l\u00f8sninger og forslag som kan gj\u00f8re ditt prosjekt teknisk, rimeligere og mer fornuftig.<\/p>\n<p>&nbsp;<\/p>\n<h3>Geoenergi<\/h3>\n<p>Verden trenger tilgang til mer b\u00e6rekraftig energi. Vi skal bidra til \u00e5 h\u00f8ste mer av jordens ressurser \u2013 p\u00e5 den mest forsiktige, b\u00e6rekraftige og milj\u00f8vennlige m\u00e5ten. Vi kan hjelpe &#8211; enten det er for et industrikompleks eller et familiehjem. Og kanskje best av alt &#8211; energibr\u00f8nner er sv\u00e6rt \u00f8konomiske og betaler ofte seg selv i l\u00f8pet av noen \u00e5r.<\/p>\n<p>Vi jobber kontinuerlig med \u00e5 redusere milj\u00f8avtrykket v\u00e5rt, bruke biodrivstoff og elektrifisere mer av produksjonen v\u00e5r. Milj\u00f8- og energifilosofien ligger ogs\u00e5 til grunn for v\u00e5r langsiktige satsing p\u00e5 energiboring. Vi har boret en rekke energibr\u00f8nner i hele Norge.<\/p>\n","protected":false},"excerpt":{"rendered":"<p>Om Seabrokers Fundamentering Seabrokers Fundamentering er bygget p\u00e5 en visjon om \u00e5 levere alt innen fundamenteringsarbeid til avtalt kvalitet tid og pris. Med dyktige ansatte og fleksible maskiner dekker vi et vidt spekter for utf\u00f8relse av spesialoppdrag. Med \u00e5rene har vi blitt landsdekkende og jobber kontinuerlig p\u00e5 titalls prosjekt over hele landet. Hovedkontoret v\u00e5rt ligger [&hellip;]<\/p>\n","protected":false},"author":1,"featured_media":653,"parent":139,"menu_order":10,"comment_status":"closed","ping_status":"closed","template":"","meta":{"footnotes":"","_links_to":"","_links_to_target":""},"class_list":["post-140","page","type-page","status-publish","hentry"],"acf":{"subtitle":"","title":"Vi f\u00e5r jobben gjort profesjonelt og effektivt","text":"Grunnlagt i 2006 med den innovative kraften som alltid har preget Seabrokers, passerte vi i 2022 en \u00e5rlig omsetning p\u00e5 en halv milliard kroner. Med oss p\u00e5 laget har vi mer enn hundre dedikerte mennesker. ","buttons":null,"image":"","video":"","focus_point":"center","style":"dark","type":"full","overlay_opacity":55,"enable_animation":false,"lottie":"","animation_opacity":60},"_links":{"self":[{"href":"https:\/\/seabrokers.no\/fundamentering\/wp-json\/wp\/v2\/pages\/140","targetHints":{"allow":["GET"]}}],"collection":[{"href":"https:\/\/seabrokers.no\/fundamentering\/wp-json\/wp\/v2\/pages"}],"about":[{"href":"https:\/\/seabrokers.no\/fundamentering\/wp-json\/wp\/v2\/types\/page"}],"author":[{"embeddable":true,"href":"https:\/\/seabrokers.no\/fundamentering\/wp-json\/wp\/v2\/users\/1"}],"replies":[{"embeddable":true,"href":"https:\/\/seabrokers.no\/fundamentering\/wp-json\/wp\/v2\/comments?post=140"}],"version-history":[{"count":0,"href":"https:\/\/seabrokers.no\/fundamentering\/wp-json\/wp\/v2\/pages\/140\/revisions"}],"up":[{"embeddable":true,"href":"https:\/\/seabrokers.no\/fundamentering\/wp-json\/wp\/v2\/pages\/139"}],"wp:featuredmedia":[{"embeddable":true,"href":"https:\/\/seabrokers.no\/fundamentering\/wp-json\/wp\/v2\/media\/653"}],"wp:attachment":[{"href":"https:\/\/seabrokers.no\/fundamentering\/wp-json\/wp\/v2\/media?parent=140"}],"curies":[{"name":"wp","href":"https:\/\/api.w.org\/{rel}","templated":true}]}}