{"id":141,"date":"2023-04-18T12:04:16","date_gmt":"2023-04-18T12:04:16","guid":{"rendered":"https:\/\/seabrokers.no\/fundamentering\/?page_id=141"},"modified":"2023-06-29T14:59:53","modified_gmt":"2023-06-29T14:59:53","slug":"visjon-verdier","status":"publish","type":"page","link":"https:\/\/seabrokers.no\/fundamentering\/selskapet\/visjon-verdier\/","title":{"rendered":"Visjon &#038; verdier"},"content":{"rendered":"<p>For \u00e5 oppn\u00e5 dette og st\u00e5 p\u00e5 trygg grunn skal vi:<\/p>\n<p>&#8211; <strong>Engasjere<\/strong> v\u00e5re medarbeidere gjennom h\u00f8yt fokus p\u00e5 sikkerhet, arbeidsmilj\u00f8 og ytre milj\u00f8, og alltid etterleve HMS-lovgivning og -forskrifter samt NS-EN ISO9001, NS-EN ISO14001 og NS-EN ISO45001.<\/p>\n<p>&#8211; <strong>Inkludere<\/strong> v\u00e5re medarbeidere gjennom \u00e5 kontinuerlig \u00f8ke organisasjonens kompetanse og evne til \u00e5 levere tjenester av h\u00f8y kvalitet.<\/p>\n<p>&#8211; Ta <strong>ansvar<\/strong> for mennesker, milj\u00f8, maskiner og materiell ved \u00e5 jobbe strategisk og m\u00e5lrettet, og kontinuerlig jobbe for \u00e5 forbedre v\u00e5re prosesser.<\/p>\n<p>Vi skal v\u00e6re ansvarlige for at v\u00e5re ansatte har h\u00f8y <strong>trivsel<\/strong>, arbeidsglede og lojalitet ved \u00e5 v\u00e6re en seri\u00f8s akt\u00f8r i markedet som vi er <strong>stolte<\/strong> av.<\/p>\n","protected":false},"excerpt":{"rendered":"<p>For \u00e5 oppn\u00e5 dette og st\u00e5 p\u00e5 trygg grunn skal vi: &#8211; Engasjere v\u00e5re medarbeidere gjennom h\u00f8yt fokus p\u00e5 sikkerhet, arbeidsmilj\u00f8 og ytre milj\u00f8, og alltid etterleve HMS-lovgivning og -forskrifter samt NS-EN ISO9001, NS-EN ISO14001 og NS-EN ISO45001. &#8211; Inkludere v\u00e5re medarbeidere gjennom \u00e5 kontinuerlig \u00f8ke organisasjonens kompetanse og evne til \u00e5 levere tjenester av [&hellip;]<\/p>\n","protected":false},"author":1,"featured_media":644,"parent":139,"menu_order":11,"comment_status":"closed","ping_status":"closed","template":"","meta":{"footnotes":"","_links_to":"","_links_to_target":""},"class_list":["post-141","page","type-page","status-publish","hentry"],"acf":{"subtitle":"","title":"F\u00f8rstevalget innen fundamentering","text":"Vi skal v\u00e6re landets mest attraktive og mest foretrukne leverand\u00f8r av fundamenteringstjenester.","buttons":null,"image":"","video":"","focus_point":"center","style":"dark","type":"full","overlay_opacity":40,"enable_animation":false,"lottie":"","animation_opacity":60},"_links":{"self":[{"href":"https:\/\/seabrokers.no\/fundamentering\/wp-json\/wp\/v2\/pages\/141","targetHints":{"allow":["GET"]}}],"collection":[{"href":"https:\/\/seabrokers.no\/fundamentering\/wp-json\/wp\/v2\/pages"}],"about":[{"href":"https:\/\/seabrokers.no\/fundamentering\/wp-json\/wp\/v2\/types\/page"}],"author":[{"embeddable":true,"href":"https:\/\/seabrokers.no\/fundamentering\/wp-json\/wp\/v2\/users\/1"}],"replies":[{"embeddable":true,"href":"https:\/\/seabrokers.no\/fundamentering\/wp-json\/wp\/v2\/comments?post=141"}],"version-history":[{"count":0,"href":"https:\/\/seabrokers.no\/fundamentering\/wp-json\/wp\/v2\/pages\/141\/revisions"}],"up":[{"embeddable":true,"href":"https:\/\/seabrokers.no\/fundamentering\/wp-json\/wp\/v2\/pages\/139"}],"wp:featuredmedia":[{"embeddable":true,"href":"https:\/\/seabrokers.no\/fundamentering\/wp-json\/wp\/v2\/media\/644"}],"wp:attachment":[{"href":"https:\/\/seabrokers.no\/fundamentering\/wp-json\/wp\/v2\/media?parent=141"}],"curies":[{"name":"wp","href":"https:\/\/api.w.org\/{rel}","templated":true}]}}