{"id":142,"date":"2023-04-18T12:28:15","date_gmt":"2023-04-18T12:28:15","guid":{"rendered":"https:\/\/seabrokers.no\/fundamentering\/?page_id=142"},"modified":"2023-06-29T15:03:48","modified_gmt":"2023-06-29T15:03:48","slug":"historie","status":"publish","type":"page","link":"https:\/\/seabrokers.no\/fundamentering\/selskapet\/historie\/","title":{"rendered":"Historie"},"content":{"rendered":"<p>Seabrokers Fundamentering ble etablert av Seabrokers Gruppen i 2006. Markedet for fundamentering var da preget av noen f\u00e5 dominerende leverand\u00f8rer som var koblet til de store entrepren\u00f8rselskapene. Fra egen erfaring i Seabrokers Group s\u00e5 vi et \u00e5penbart forbedringspotensial i bransjen, b\u00e5de med tanke p\u00e5 teknikk, effektivitet og moderne redskaper.<\/p>\n<p>Da vi skulle reise over 210 000 m\u00b2 med moderne n\u00e6ringsbygg p\u00e5 Forus i Rogaland, skapte markedssituasjonen i fundamenteringsbransjen store utfordringer for oss. Som eiendomsutvikler fikk vi ikke dekket behovene v\u00e5re, og dette vekket den innovative \u00e5nden i oss. Siden etableringen har vi vokst jevnt og trutt \u2013 b\u00e5de gjennom organisk vekst og oppkj\u00f8p.<\/p>\n<p>Etter noen \u00e5r kom b\u00e5de Holt-Risa og Stangeland Fundamentering inn under Seabrokers-paraplyen. I 2022 utvidet vi virksomheten ytterligere da vi opprettet Seabrokers Dolomiti AS for \u00e5 styrke oss innen spesialistoppgaver som jetpeling, og vi kj\u00f8pte KC-maskinene til Consto Dambygg. I tillegg etablerte vi samarbeid med amerikansk Robbins TBM som deres stedlige representant i Skandinavia.<\/p>\n<p>N\u00e5 er vi landets st\u00f8rste, uavhengige fundamenteringsselskap. Vi har posisjonert oss som et solid, innovativt og landsdekkende selskap med erfarne og l\u00f8sningsorienterte medarbeidere. Sammen med kundene finner vi gode og kostnadseffektive l\u00f8sninger. Vi er langsiktige og skal levere de beste l\u00f8sninger for v\u00e5re kunder. Det tror vi legger et grunnlag for fortsatt vekst.<\/p>\n","protected":false},"excerpt":{"rendered":"<p>Seabrokers Fundamentering ble etablert av Seabrokers Gruppen i 2006. Markedet for fundamentering var da preget av noen f\u00e5 dominerende leverand\u00f8rer som var koblet til de store entrepren\u00f8rselskapene. Fra egen erfaring i Seabrokers Group s\u00e5 vi et \u00e5penbart forbedringspotensial i bransjen, b\u00e5de med tanke p\u00e5 teknikk, effektivitet og moderne redskaper. Da vi skulle reise over 210 [&hellip;]<\/p>\n","protected":false},"author":1,"featured_media":661,"parent":139,"menu_order":12,"comment_status":"closed","ping_status":"closed","template":"","meta":{"footnotes":"","_links_to":"","_links_to_target":""},"class_list":["post-142","page","type-page","status-publish","hentry"],"acf":{"subtitle":"","title":"Historien v\u00e5r ","text":"Da Seabrokers Group skulle reise et n\u00e6ringsbygg, oppdaget vi et stort forbedringspotensial i fundamenteringsbransjen. L\u00f8sningen ble \u00e5 starte Seabrokers Fundamentering. ","buttons":null,"image":"","video":"","focus_point":"center","style":"dark","type":"full","overlay_opacity":50,"enable_animation":false,"lottie":"","animation_opacity":60},"_links":{"self":[{"href":"https:\/\/seabrokers.no\/fundamentering\/wp-json\/wp\/v2\/pages\/142","targetHints":{"allow":["GET"]}}],"collection":[{"href":"https:\/\/seabrokers.no\/fundamentering\/wp-json\/wp\/v2\/pages"}],"about":[{"href":"https:\/\/seabrokers.no\/fundamentering\/wp-json\/wp\/v2\/types\/page"}],"author":[{"embeddable":true,"href":"https:\/\/seabrokers.no\/fundamentering\/wp-json\/wp\/v2\/users\/1"}],"replies":[{"embeddable":true,"href":"https:\/\/seabrokers.no\/fundamentering\/wp-json\/wp\/v2\/comments?post=142"}],"version-history":[{"count":0,"href":"https:\/\/seabrokers.no\/fundamentering\/wp-json\/wp\/v2\/pages\/142\/revisions"}],"up":[{"embeddable":true,"href":"https:\/\/seabrokers.no\/fundamentering\/wp-json\/wp\/v2\/pages\/139"}],"wp:featuredmedia":[{"embeddable":true,"href":"https:\/\/seabrokers.no\/fundamentering\/wp-json\/wp\/v2\/media\/661"}],"wp:attachment":[{"href":"https:\/\/seabrokers.no\/fundamentering\/wp-json\/wp\/v2\/media?parent=142"}],"curies":[{"name":"wp","href":"https:\/\/api.w.org\/{rel}","templated":true}]}}