{"id":143,"date":"2023-04-18T12:28:30","date_gmt":"2023-04-18T12:28:30","guid":{"rendered":"https:\/\/seabrokers.no\/fundamentering\/?page_id=143"},"modified":"2023-06-29T15:06:18","modified_gmt":"2023-06-29T15:06:18","slug":"baerekraft-khms","status":"publish","type":"page","link":"https:\/\/seabrokers.no\/fundamentering\/baerekraft-khms\/","title":{"rendered":"B\u00e6rekraft &#038; KHMS"},"content":{"rendered":"<h3>Siden etableringen av Seabrokers Group i 1982 har fokuset v\u00e5rt v\u00e6rt b\u00e6rekraftig innovasjon.<\/h3>\n<p>Vi har hele tiden v\u00e6rt nysgjerrige p\u00e5 ny teknologi og milj\u00f8vennlige l\u00f8sninger, og vil fortsette \u00e5 bidra til en mer b\u00e6rekraftig verden.<\/p>\n<p>Seabrokers Fundamentering jobber stadig for \u00e5 redusere v\u00e5rt utslipp, for eksempel gjennom bruk av biodrivstoff, gjenbruk av st\u00e5l og introduksjon av elektriske kj\u00f8ret\u00f8y.<\/p>\n<p>Seabrokers Fundamentering har spesialisert seg p\u00e5 refundamentering av bygg, forlenget levetid p\u00e5 eiendommene og gjenbruk av gamle bygninger, og dermed redusert det totale fotavtrykket og bruken av betong.<\/p>\n<p>Milj\u00f8- og energifilosofien ligger ogs\u00e5 til grunn for v\u00e5r langsiktige satsing p\u00e5 energiboring. Vi samarbeider med akademia om \u00e5 videreutvikle l\u00f8sninger med energibr\u00f8nner. Vi er en betydelig akt\u00f8r i markedet og har boret en rekke energibr\u00f8nner rundt i Norge.<\/p>\n<p>Vi skal bidra til \u00e5 h\u00f8ste mer av jordens ressurser \u2013 p\u00e5 den mest forsiktige, b\u00e6rekraftige og milj\u00f8vennlige m\u00e5ten. Vi kan hjelpe &#8211; enten det er for et industrikompleks eller et familiehjem. Og kanskje best av alt &#8211; energibr\u00f8nner er sv\u00e6rt \u00f8konomiske og betaler seg selv i l\u00f8pet av noen f\u00e5 \u00e5r.<\/p>\n","protected":false},"excerpt":{"rendered":"<p>Siden etableringen av Seabrokers Group i 1982 har fokuset v\u00e5rt v\u00e6rt b\u00e6rekraftig innovasjon. Vi har hele tiden v\u00e6rt nysgjerrige p\u00e5 ny teknologi og milj\u00f8vennlige l\u00f8sninger, og vil fortsette \u00e5 bidra til en mer b\u00e6rekraftig verden. Seabrokers Fundamentering jobber stadig for \u00e5 redusere v\u00e5rt utslipp, for eksempel gjennom bruk av biodrivstoff, gjenbruk av st\u00e5l og introduksjon [&hellip;]<\/p>\n","protected":false},"author":1,"featured_media":645,"parent":0,"menu_order":4,"comment_status":"closed","ping_status":"closed","template":"","meta":{"footnotes":"","_links_to":"","_links_to_target":""},"class_list":["post-143","page","type-page","status-publish","hentry"],"acf":{"subtitle":"","title":"Med fremtiden for \u00f8yet","text":"Vi jobber kontinuerlig med \u00e5 redusere milj\u00f8avtrykket v\u00e5rt, bruke biodrivstoff og elektrifisere mer av produksjonen v\u00e5r.","buttons":null,"image":"","video":"","focus_point":"center","style":"dark","type":"full","overlay_opacity":30,"enable_animation":false,"lottie":"","animation_opacity":60},"_links":{"self":[{"href":"https:\/\/seabrokers.no\/fundamentering\/wp-json\/wp\/v2\/pages\/143","targetHints":{"allow":["GET"]}}],"collection":[{"href":"https:\/\/seabrokers.no\/fundamentering\/wp-json\/wp\/v2\/pages"}],"about":[{"href":"https:\/\/seabrokers.no\/fundamentering\/wp-json\/wp\/v2\/types\/page"}],"author":[{"embeddable":true,"href":"https:\/\/seabrokers.no\/fundamentering\/wp-json\/wp\/v2\/users\/1"}],"replies":[{"embeddable":true,"href":"https:\/\/seabrokers.no\/fundamentering\/wp-json\/wp\/v2\/comments?post=143"}],"version-history":[{"count":0,"href":"https:\/\/seabrokers.no\/fundamentering\/wp-json\/wp\/v2\/pages\/143\/revisions"}],"wp:featuredmedia":[{"embeddable":true,"href":"https:\/\/seabrokers.no\/fundamentering\/wp-json\/wp\/v2\/media\/645"}],"wp:attachment":[{"href":"https:\/\/seabrokers.no\/fundamentering\/wp-json\/wp\/v2\/media?parent=143"}],"curies":[{"name":"wp","href":"https:\/\/api.w.org\/{rel}","templated":true}]}}