{"id":144,"date":"2023-04-18T12:28:39","date_gmt":"2023-04-18T12:28:39","guid":{"rendered":"https:\/\/seabrokers.no\/fundamentering\/?page_id=144"},"modified":"2026-03-02T14:34:25","modified_gmt":"2026-03-02T14:34:25","slug":"samfunnsansvar","status":"publish","type":"page","link":"https:\/\/seabrokers.no\/fundamentering\/baerekraft-khms\/samfunnsansvar\/","title":{"rendered":"Samfunnsansvar"},"content":{"rendered":"<ul>\n<li>Seabrokers skal v\u00e6re en inkluderende og god arbeidsplass som fremmer utvikling, samskaping og vekst.<\/li>\n<li>Vi skal fremst\u00e5 som en solid partner som legger til rette for samarbeid p\u00e5 tvers av bransjer og yrkesgrupper, med mennesker som trives i et godt arbeidsmilj\u00f8. Vi har mennesker og samfunn i fokus.<\/li>\n<li>Yrker er i endring og det er behov for b\u00e5de nyutdannede og de som har lang og god erfaring. Vi i Seabrokers har tro p\u00e5 team som utfyller hverandre og spiller hverandre gode!<\/li>\n<li>Vi \u00f8nsker \u00e5 v\u00e6re synlige i v\u00e5rt n\u00e6rmilj\u00f8, og gjennom v\u00e5rt samfunnsengasjement skal vi bidra til et mer inkluderende lokalsamfunn hvor forskjeller blir mindre &#8211; og alle skal med!<\/li>\n<\/ul>\n","protected":false},"excerpt":{"rendered":"<p>Seabrokers skal v\u00e6re en inkluderende og god arbeidsplass som fremmer utvikling, samskaping og vekst. Vi skal fremst\u00e5 som en solid partner som legger til rette for samarbeid p\u00e5 tvers av bransjer og yrkesgrupper, med mennesker som trives i et godt arbeidsmilj\u00f8. Vi har mennesker og samfunn i fokus. Yrker er i endring og det er [&hellip;]<\/p>\n","protected":false},"author":1,"featured_media":656,"parent":143,"menu_order":5,"comment_status":"closed","ping_status":"closed","template":"","meta":{"footnotes":"","_links_to":"","_links_to_target":""},"class_list":["post-144","page","type-page","status-publish","hentry"],"acf":{"subtitle":"","title":"En ansvarlig samfunnsakt\u00f8r ","text":"Med fokus p\u00e5 mennesker, arbeidsmilj\u00f8 og samfunn.","buttons":null,"image":"","video":"","focus_point":"center","style":"dark","type":"full","overlay_opacity":30,"enable_animation":false,"lottie":"","animation_opacity":60},"_links":{"self":[{"href":"https:\/\/seabrokers.no\/fundamentering\/wp-json\/wp\/v2\/pages\/144","targetHints":{"allow":["GET"]}}],"collection":[{"href":"https:\/\/seabrokers.no\/fundamentering\/wp-json\/wp\/v2\/pages"}],"about":[{"href":"https:\/\/seabrokers.no\/fundamentering\/wp-json\/wp\/v2\/types\/page"}],"author":[{"embeddable":true,"href":"https:\/\/seabrokers.no\/fundamentering\/wp-json\/wp\/v2\/users\/1"}],"replies":[{"embeddable":true,"href":"https:\/\/seabrokers.no\/fundamentering\/wp-json\/wp\/v2\/comments?post=144"}],"version-history":[{"count":0,"href":"https:\/\/seabrokers.no\/fundamentering\/wp-json\/wp\/v2\/pages\/144\/revisions"}],"up":[{"embeddable":true,"href":"https:\/\/seabrokers.no\/fundamentering\/wp-json\/wp\/v2\/pages\/143"}],"wp:featuredmedia":[{"embeddable":true,"href":"https:\/\/seabrokers.no\/fundamentering\/wp-json\/wp\/v2\/media\/656"}],"wp:attachment":[{"href":"https:\/\/seabrokers.no\/fundamentering\/wp-json\/wp\/v2\/media?parent=144"}],"curies":[{"name":"wp","href":"https:\/\/api.w.org\/{rel}","templated":true}]}}