{"id":145,"date":"2023-04-18T12:28:47","date_gmt":"2023-04-18T12:28:47","guid":{"rendered":"https:\/\/seabrokers.no\/fundamentering\/?page_id=145"},"modified":"2023-06-29T15:11:25","modified_gmt":"2023-06-29T15:11:25","slug":"baerekraftsmal","status":"publish","type":"page","link":"https:\/\/seabrokers.no\/fundamentering\/baerekraft-khms\/baerekraftsmal\/","title":{"rendered":"B\u00e6rekraftsm\u00e5l"},"content":{"rendered":"<p>Vi skal bidra til l\u00f8sninger som reduserer v\u00e5rt klimaavtrykk og \u00f8ker v\u00e5rt fokus og kunnskap innen ny gr\u00f8nn teknologi og b\u00e6rekraftige l\u00f8sninger. V\u00e5rt arbeid skal utf\u00f8res med respekt for mennesker, natur og milj\u00f8, og vi jobber aktivt med f\u00f8lgende av FNs b\u00e6rekraftsm\u00e5l:<\/p>\n","protected":false},"excerpt":{"rendered":"<p>Vi skal bidra til l\u00f8sninger som reduserer v\u00e5rt klimaavtrykk og \u00f8ker v\u00e5rt fokus og kunnskap innen ny gr\u00f8nn teknologi og b\u00e6rekraftige l\u00f8sninger. V\u00e5rt arbeid skal utf\u00f8res med respekt for mennesker, natur og milj\u00f8, og vi jobber aktivt med f\u00f8lgende av FNs b\u00e6rekraftsm\u00e5l:<\/p>\n","protected":false},"author":1,"featured_media":645,"parent":143,"menu_order":6,"comment_status":"closed","ping_status":"closed","template":"","meta":{"footnotes":"","_links_to":"","_links_to_target":""},"class_list":["post-145","page","type-page","status-publish","hentry"],"acf":{"subtitle":"","title":"Med tanke p\u00e5 fremtiden","text":"Seabrokers Fundamentering skal bidra til \u00e5 n\u00e5 globale klimam\u00e5l.","buttons":null,"image":"","video":"","focus_point":"center","style":"dark","type":"full","overlay_opacity":50,"enable_animation":false,"lottie":"","animation_opacity":60},"_links":{"self":[{"href":"https:\/\/seabrokers.no\/fundamentering\/wp-json\/wp\/v2\/pages\/145","targetHints":{"allow":["GET"]}}],"collection":[{"href":"https:\/\/seabrokers.no\/fundamentering\/wp-json\/wp\/v2\/pages"}],"about":[{"href":"https:\/\/seabrokers.no\/fundamentering\/wp-json\/wp\/v2\/types\/page"}],"author":[{"embeddable":true,"href":"https:\/\/seabrokers.no\/fundamentering\/wp-json\/wp\/v2\/users\/1"}],"replies":[{"embeddable":true,"href":"https:\/\/seabrokers.no\/fundamentering\/wp-json\/wp\/v2\/comments?post=145"}],"version-history":[{"count":0,"href":"https:\/\/seabrokers.no\/fundamentering\/wp-json\/wp\/v2\/pages\/145\/revisions"}],"up":[{"embeddable":true,"href":"https:\/\/seabrokers.no\/fundamentering\/wp-json\/wp\/v2\/pages\/143"}],"wp:featuredmedia":[{"embeddable":true,"href":"https:\/\/seabrokers.no\/fundamentering\/wp-json\/wp\/v2\/media\/645"}],"wp:attachment":[{"href":"https:\/\/seabrokers.no\/fundamentering\/wp-json\/wp\/v2\/media?parent=145"}],"curies":[{"name":"wp","href":"https:\/\/api.w.org\/{rel}","templated":true}]}}