{"id":148,"date":"2023-04-18T12:29:21","date_gmt":"2023-04-18T12:29:21","guid":{"rendered":"https:\/\/seabrokers.no\/fundamentering\/?page_id=148"},"modified":"2023-06-29T15:04:27","modified_gmt":"2023-06-29T15:04:27","slug":"ledige-stillinger","status":"publish","type":"page","link":"https:\/\/seabrokers.no\/fundamentering\/selskapet\/ledige-stillinger\/","title":{"rendered":"Ledige stillinger"},"content":{"rendered":"<p>Vi er stadig p\u00e5 jakt etter dyktige fagfolk som \u00f8nsker \u00e5 utvikle seg innen fundamenteringsfaget. Ta gjerne kontakt! Kanskje du har en fremtid hos oss.<\/p>\n<p style=\"font-weight: 400;\"><strong>Dine egenskaper:<br \/>\n<\/strong>Felles for alle stillingene er at vi \u00f8nsker medarbeidere som er opptatt av resultater, har teft for \u00e5 skape god butikk, bidrar til kvalitet i leveransen og er en god lagspiller. Det er en fordel at du har glimt i \u00f8yet.<\/p>\n<p style=\"font-weight: 400;\"><strong>V\u00e5re egenskaper:<br \/>\n<\/strong>Vi jobber under h\u00f8yt tempo og samarbeider godt med hverandre. V\u00e5re selskapsorganisasjoner preges av stor takh\u00f8yde hvor nye l\u00f8sninger og muligheter vokser frem. Vi applauderer p\u00e5gangsmot og kreativitet. Vi bidrar alle til et godt arbeidsmilj\u00f8 hvor godt hum\u00f8r og inkludering settes h\u00f8yt. Vi tilbyr konkurransedyktige betingelser som inkluderer pensjons- og forsikringsordninger i tillegg til andre velferdsgoder.<\/p>\n","protected":false},"excerpt":{"rendered":"<p>Vi er stadig p\u00e5 jakt etter dyktige fagfolk som \u00f8nsker \u00e5 utvikle seg innen fundamenteringsfaget. Ta gjerne kontakt! Kanskje du har en fremtid hos oss. Dine egenskaper: Felles for alle stillingene er at vi \u00f8nsker medarbeidere som er opptatt av resultater, har teft for \u00e5 skape god butikk, bidrar til kvalitet i leveransen og er [&hellip;]<\/p>\n","protected":false},"author":1,"featured_media":650,"parent":139,"menu_order":13,"comment_status":"closed","ping_status":"closed","template":"tpl-archive.php","meta":{"footnotes":"","_links_to":"","_links_to_target":""},"class_list":["post-148","page","type-page","status-publish","hentry"],"acf":{"subtitle":"","title":"Vi tilbyr ulike karrieremuligheter","text":"Kunne du tenkt deg en jobb som maskinf\u00f8rer, sveiser, hjelpemann, eller boreriggoperat\u00f8r? ","buttons":null,"image":"","video":"","focus_point":"center","style":"dark","type":"full","overlay_opacity":30,"enable_animation":false,"lottie":"","animation_opacity":60},"_links":{"self":[{"href":"https:\/\/seabrokers.no\/fundamentering\/wp-json\/wp\/v2\/pages\/148","targetHints":{"allow":["GET"]}}],"collection":[{"href":"https:\/\/seabrokers.no\/fundamentering\/wp-json\/wp\/v2\/pages"}],"about":[{"href":"https:\/\/seabrokers.no\/fundamentering\/wp-json\/wp\/v2\/types\/page"}],"author":[{"embeddable":true,"href":"https:\/\/seabrokers.no\/fundamentering\/wp-json\/wp\/v2\/users\/1"}],"replies":[{"embeddable":true,"href":"https:\/\/seabrokers.no\/fundamentering\/wp-json\/wp\/v2\/comments?post=148"}],"version-history":[{"count":0,"href":"https:\/\/seabrokers.no\/fundamentering\/wp-json\/wp\/v2\/pages\/148\/revisions"}],"up":[{"embeddable":true,"href":"https:\/\/seabrokers.no\/fundamentering\/wp-json\/wp\/v2\/pages\/139"}],"wp:featuredmedia":[{"embeddable":true,"href":"https:\/\/seabrokers.no\/fundamentering\/wp-json\/wp\/v2\/media\/650"}],"wp:attachment":[{"href":"https:\/\/seabrokers.no\/fundamentering\/wp-json\/wp\/v2\/media?parent=148"}],"curies":[{"name":"wp","href":"https:\/\/api.w.org\/{rel}","templated":true}]}}