{"id":2022,"date":"2024-04-15T11:02:32","date_gmt":"2024-04-15T11:02:32","guid":{"rendered":"https:\/\/seabrokers.no\/fundamentering\/?page_id=2022"},"modified":"2024-04-18T10:32:39","modified_gmt":"2024-04-18T10:32:39","slug":"seabrokers-jetgrunn-anvendelse","status":"publish","type":"page","link":"https:\/\/seabrokers.no\/fundamentering\/seabrokers-jetgrunn-anvendelse\/","title":{"rendered":"Jetgrunn Anvendelse"},"content":{"rendered":"<p>Anvendelsesomr\u00e5der for jetpeler kan s\u00e5ledes v\u00e6re fundamentering til nybygg eller refundamentering av gamle bevaringsverdige bygg med setnings- og stabilitetsproblemer, st\u00f8ttemurer, sikring av byggegroper, tetting mot spunt, sjakter, kulverter, tetningsvegg i dammer og avfallsdeponier, sikring av tunnelhvelv med liten eller ingen fjelloverdekning, stabilisering av rasfarlige omr\u00e5der.<\/p>\n<p style=\"text-align: left\">Ofte vil jetpeler v\u00e6re en gunstig l\u00f8sning hvis tilgjengeligheten p\u00e5 plassen er vanskelig. Dessuten er produksjonen av jetpeler meget sk\u00e5nsom mot omgivelsene. St\u00f8yniv\u00e5et er lavt og vibrasjoner forekommer knapt.<\/p>\n<p style=\"text-align: left\">Jetpeler er derfor sv\u00e6rt godt egnet i byomr\u00e5der med boliger og kontorer hvor st\u00f8yrestriksjonene er strenge og faren for setningsskader p\u00e5 nabobygg som f\u00f8lge av vibrasjoner er store.<\/p>\n<p>&nbsp;<\/p>\n","protected":false},"excerpt":{"rendered":"<p>Anvendelsesomr\u00e5der for jetpeler kan s\u00e5ledes v\u00e6re fundamentering til nybygg eller refundamentering av gamle bevaringsverdige bygg med setnings- og stabilitetsproblemer, st\u00f8ttemurer, sikring av byggegroper, tetting mot spunt, sjakter, kulverter, tetningsvegg i dammer og avfallsdeponier, sikring av tunnelhvelv med liten eller ingen fjelloverdekning, stabilisering av rasfarlige omr\u00e5der. Ofte vil jetpeler v\u00e6re en gunstig l\u00f8sning hvis tilgjengeligheten p\u00e5 [&hellip;]<\/p>\n","protected":false},"author":13,"featured_media":0,"parent":0,"menu_order":0,"comment_status":"closed","ping_status":"closed","template":"","meta":{"footnotes":"","_links_to":"","_links_to_target":""},"class_list":["post-2022","page","type-page","status-publish","hentry"],"acf":{"subtitle":"","title":"Jetpeler kan brukes til mange form\u00e5l","text":"Jetpeler (J2- og EC1-peler) anvendes i alle slags jordarter, og tilpasses i de ulike anleggsprosjekter. Jetpeler kan benyttes som b\u00e5de tetningselementer og permanente b\u00e6rende konstruksjonselementer.\r\n\r\n","buttons":null,"image":2068,"video":"","focus_point":"end","style":"dark","type":"half","overlay_opacity":60,"enable_animation":false,"lottie":"","animation_opacity":60},"_links":{"self":[{"href":"https:\/\/seabrokers.no\/fundamentering\/wp-json\/wp\/v2\/pages\/2022","targetHints":{"allow":["GET"]}}],"collection":[{"href":"https:\/\/seabrokers.no\/fundamentering\/wp-json\/wp\/v2\/pages"}],"about":[{"href":"https:\/\/seabrokers.no\/fundamentering\/wp-json\/wp\/v2\/types\/page"}],"author":[{"embeddable":true,"href":"https:\/\/seabrokers.no\/fundamentering\/wp-json\/wp\/v2\/users\/13"}],"replies":[{"embeddable":true,"href":"https:\/\/seabrokers.no\/fundamentering\/wp-json\/wp\/v2\/comments?post=2022"}],"version-history":[{"count":0,"href":"https:\/\/seabrokers.no\/fundamentering\/wp-json\/wp\/v2\/pages\/2022\/revisions"}],"wp:attachment":[{"href":"https:\/\/seabrokers.no\/fundamentering\/wp-json\/wp\/v2\/media?parent=2022"}],"curies":[{"name":"wp","href":"https:\/\/api.w.org\/{rel}","templated":true}]}}