{"id":2042,"date":"2024-04-15T11:21:40","date_gmt":"2024-04-15T11:21:40","guid":{"rendered":"https:\/\/seabrokers.no\/fundamentering\/?page_id=2042"},"modified":"2024-04-22T09:30:25","modified_gmt":"2024-04-22T09:30:25","slug":"jetgrunn-jetpeler","status":"publish","type":"page","link":"https:\/\/seabrokers.no\/fundamentering\/jetgrunn-jetpeler\/","title":{"rendered":"Jetpeler"},"content":{"rendered":"","protected":false},"excerpt":{"rendered":"","protected":false},"author":13,"featured_media":0,"parent":0,"menu_order":0,"comment_status":"closed","ping_status":"closed","template":"","meta":{"footnotes":"","_links_to":"","_links_to_target":""},"class_list":["post-2042","page","type-page","status-publish","hentry"],"acf":{"subtitle":"","title":"","text":"En jetpel er en betongsylinder st\u00f8pt ut i bakken uten behov for tradisjonell graving. Jetpeler kan ikke sammenlignes med jordforsterkning da pelene regnes som permanente konstruksjoner med h\u00f8y trykkfasthet. Grunnprinsippene for jetpelmetoden er at man anvender en roterende h\u00f8ytrykks v\u00e6skestr\u00e5le som eroderer ned den opprinnelige jordstrukturen. \r\nSt\u00f8rrelsen p\u00e5 jetpelene avhenger av hvilke jetmetode som anvendes, anvendt trykk, opptrekkshastighet, rotasjonshastighet og jordas opprinnelige egenskaper. Jetpelenes fasthet, geometri og homogenitet blir styrt og dokumentert kontinuerlig.\r\nVi bruker hovedsakelig to metoder for \u00e5 lage jetpeler: J2 og EC1. Ved J2-metoden brukes en v\u00e6skestr\u00e5le med grout (sement og vann) til \u00e5 erodere. Grouten blandes med stedlige masser og danner en jetpel av geobetong. Ved EC1-metoden brukes vann til \u00e5 erodere ut en sylinder som deretter fylles med ordin\u00e6r konstruksjonsbetong","buttons":null,"image":2068,"video":"","focus_point":"end","style":"dark","type":"half","overlay_opacity":60,"enable_animation":false,"lottie":"","animation_opacity":60},"_links":{"self":[{"href":"https:\/\/seabrokers.no\/fundamentering\/wp-json\/wp\/v2\/pages\/2042","targetHints":{"allow":["GET"]}}],"collection":[{"href":"https:\/\/seabrokers.no\/fundamentering\/wp-json\/wp\/v2\/pages"}],"about":[{"href":"https:\/\/seabrokers.no\/fundamentering\/wp-json\/wp\/v2\/types\/page"}],"author":[{"embeddable":true,"href":"https:\/\/seabrokers.no\/fundamentering\/wp-json\/wp\/v2\/users\/13"}],"replies":[{"embeddable":true,"href":"https:\/\/seabrokers.no\/fundamentering\/wp-json\/wp\/v2\/comments?post=2042"}],"version-history":[{"count":0,"href":"https:\/\/seabrokers.no\/fundamentering\/wp-json\/wp\/v2\/pages\/2042\/revisions"}],"wp:attachment":[{"href":"https:\/\/seabrokers.no\/fundamentering\/wp-json\/wp\/v2\/media?parent=2042"}],"curies":[{"name":"wp","href":"https:\/\/api.w.org\/{rel}","templated":true}]}}