{"id":2072,"date":"2024-04-22T07:51:46","date_gmt":"2024-04-22T07:51:46","guid":{"rendered":"https:\/\/seabrokers.no\/fundamentering\/?page_id=2072"},"modified":"2024-05-28T12:09:47","modified_gmt":"2024-05-28T12:09:47","slug":"naeringsbygg-storre-bronnparker","status":"publish","type":"page","link":"https:\/\/seabrokers.no\/fundamentering\/naeringsbygg-storre-bronnparker\/","title":{"rendered":"N\u00e6ringsbygg, st\u00f8rre br\u00f8nnparker"},"content":{"rendered":"","protected":false},"excerpt":{"rendered":"","protected":false},"author":13,"featured_media":0,"parent":0,"menu_order":0,"comment_status":"closed","ping_status":"closed","template":"","meta":{"footnotes":"","_links_to":"","_links_to_target":""},"class_list":["post-2072","page","type-page","status-publish","hentry"],"acf":{"subtitle":"","title":"Energibr\u00f8nner \u2013 b\u00e6rekraftig, konfliktfri og l\u00f8nnsom fornybar energi","text":"Seabrokers har lang erfaring med energibr\u00f8nner. Med v\u00e5r kompetanse kan gi vi gi deg gode r\u00e5d og trygghet i energivalgene du tar.","buttons":null,"image":"","video":"","focus_point":"end","style":"dark","type":"half","overlay_opacity":60,"enable_animation":false,"lottie":"","animation_opacity":60},"_links":{"self":[{"href":"https:\/\/seabrokers.no\/fundamentering\/wp-json\/wp\/v2\/pages\/2072","targetHints":{"allow":["GET"]}}],"collection":[{"href":"https:\/\/seabrokers.no\/fundamentering\/wp-json\/wp\/v2\/pages"}],"about":[{"href":"https:\/\/seabrokers.no\/fundamentering\/wp-json\/wp\/v2\/types\/page"}],"author":[{"embeddable":true,"href":"https:\/\/seabrokers.no\/fundamentering\/wp-json\/wp\/v2\/users\/13"}],"replies":[{"embeddable":true,"href":"https:\/\/seabrokers.no\/fundamentering\/wp-json\/wp\/v2\/comments?post=2072"}],"version-history":[{"count":0,"href":"https:\/\/seabrokers.no\/fundamentering\/wp-json\/wp\/v2\/pages\/2072\/revisions"}],"wp:attachment":[{"href":"https:\/\/seabrokers.no\/fundamentering\/wp-json\/wp\/v2\/media?parent=2072"}],"curies":[{"name":"wp","href":"https:\/\/api.w.org\/{rel}","templated":true}]}}