{"id":268,"date":"2023-04-20T07:32:42","date_gmt":"2023-04-20T07:32:42","guid":{"rendered":"https:\/\/seabrokers.no\/fundamentering\/?page_id=268"},"modified":"2025-10-30T13:14:15","modified_gmt":"2025-10-30T13:14:15","slug":"geoenergi-energibronner","status":"publish","type":"page","link":"https:\/\/seabrokers.no\/fundamentering\/geoenergi-energibronner\/","title":{"rendered":"Geoenergi \u2013 Energibr\u00f8nner"},"content":{"rendered":"<p>Verden trenger tilgang til mer b\u00e6rekraftig energi. Vi skal bidra til \u00e5 h\u00f8ste mer av jordens ressurser \u2013 p\u00e5 den mest forsiktige, b\u00e6rekraftige og milj\u00f8vennlige m\u00e5ten. Enten det er for et industrikompleks eller et familiehjem &#8211; vi kan hjelpe. Og kanskje best av alt &#8211; energibr\u00f8nner er sv\u00e6rt \u00f8konomiske og betaler ofte for seg selv om noen \u00e5r.<\/p>\n<h2><\/h2>\n<h3><strong>Hvorfor geoenergi?<\/strong><\/h3>\n<p><strong>Utslippsfri varme<\/strong><\/p>\n<p>Geoenergi er stilleg\u00e5ende, utslippsfritt og har et minimalt inngrep i naturen.<\/p>\n<p>Geoenergi handler om \u00e5 hente varme fra grunnen under oss. Mer avanserte anlegg kan ogs\u00e5 deponere varme slik at man b\u00e5de f\u00e5r til varme og kj\u00f8ling. Mulighetene er mange, og l\u00f8nnsomheten ofte overraskende god. Enda bedre \u2013 det er helt utslippsfritt, og sv\u00e6rt energieffektivit.\u00a0For mange gir det ogs\u00e5 en ekstra trygghet \u00e5 vite man kontrollerer tilgangen p\u00e5 varme til eget bygg. Det er tross alt oppvarming som st\u00e5r for den aller st\u00f8rste andelen av energibruken i husholdninger og bygg.<\/p>\n<p>Energibr\u00f8nner utnytter grunnvarme til oppvarming og\/eller kj\u00f8ling av bygninger ved bruk av en varmepumpe. Avhengig av byggets energibehov borer vi en eller flere br\u00f8nner, ofte rundt 150-300 meter dype. Det er viktig at behovet for oppvarming sees i lys av antall br\u00f8nner, slik at man ikke t\u00f8mmer grunnen raskere enn den naturlig fyller p\u00e5. Mange tenker energibr\u00f8nner n\u00e5r det kommer til oppvarming av bygg. Det er ogs\u00e5 en kostnadseffektiv m\u00e5te \u00e5 holde omr\u00e5der sn\u00f8frie\/frostfrie i kalde \u00e5rstider dersom det er behov p\u00e5 et idrettsanlegg, n\u00e6ringspark, osv.<\/p>\n<p>Med energibr\u00f8nn kan du spare opptil 70% av utgiftene knyttet til oppvarming. Seabrokers Geoenergi er spesialister p\u00e5 boring av energibr\u00f8nner, og har ulike borerigger tilpasset behov og grunnforhold. En energibr\u00f8nn har en forventet levetid p\u00e5 over 100 \u00e5r. Derfor er det viktig \u00e5 velge en profesjonell leverand\u00f8r slik at dette blir gjort riktig, og med korrekte kalkulasjoner for oppvarmingsbehov ved boring.<\/p>\n<p>&nbsp;<\/p>\n<h3>Kontakt<\/h3>\n<p><strong>Vi er her for \u00e5 hjelpe deg<\/strong><\/p>\n<p>Lurer du p\u00e5 noe? Ikke n\u00f8l med \u00e5 ta kontakt med oss!<\/p>\n<p>Vi forst\u00e5r at det kan v\u00e6re vanskelig \u00e5 finne frem og bestemme hva som er rett vei \u00e5 g\u00e5 for \u00e5 dekke ditt behov. Vi er i daglig dialog med de beste i landet og sikrer at du f\u00e5r tilgang til den mest kosteffektive l\u00f8sningen. Vi har lang erfaring i planlegging, dimensjonering og etablering av energibr\u00f8nner og tar gjerne en uforpliktende befaring. I samr\u00e5d med deg kan vi vurdere dine behov og komme frem til best mulig utnyttelse av grunnen din.<\/p>\n<p>&nbsp;<\/p>\n<p>Ta gjerne kontakt med oss for en hyggelig prat om grunnvarme. Sammen finner vi gode l\u00f8sninger for ditt behov.<\/p>\n<p>Ta kontakt!<br \/>\nTlf: 900 67 165 \/ <a href=\"tel:51800000\">51 80 00 00<\/a><br \/>\n<a href=\"mailto:thorbjorn.lauvasvag@seabrokers.no\">thorbjorn.lauvasvag@seabrokers.no<\/a>\/ <a href=\"mailto:sf@seabrokers.no\">sf@seabrokers.no<\/a><\/p>\n","protected":false},"excerpt":{"rendered":"<p>Verden trenger tilgang til mer b\u00e6rekraftig energi. Vi skal bidra til \u00e5 h\u00f8ste mer av jordens ressurser \u2013 p\u00e5 den mest forsiktige, b\u00e6rekraftige og milj\u00f8vennlige m\u00e5ten. Enten det er for et industrikompleks eller et familiehjem &#8211; vi kan hjelpe. Og kanskje best av alt &#8211; energibr\u00f8nner er sv\u00e6rt \u00f8konomiske og betaler ofte for seg selv [&hellip;]<\/p>\n","protected":false},"author":1,"featured_media":2064,"parent":0,"menu_order":0,"comment_status":"closed","ping_status":"closed","template":"","meta":{"footnotes":"","_links_to":"","_links_to_target":""},"class_list":["post-268","page","type-page","status-publish","hentry"],"acf":{"subtitle":"","title":"Energibr\u00f8nner \u2013 b\u00e6rekraftig, konfliktfri og l\u00f8nnsom fornybar energi","text":"Seabrokers har lang erfaring med energibr\u00f8nner. Med v\u00e5r kompetanse kan gi vi gi deg gode r\u00e5d og trygghet i energivalgene du tar.","buttons":null,"image":"","video":"","focus_point":"end","style":"dark","type":"full","overlay_opacity":60,"enable_animation":false,"lottie":"","animation_opacity":60},"_links":{"self":[{"href":"https:\/\/seabrokers.no\/fundamentering\/wp-json\/wp\/v2\/pages\/268","targetHints":{"allow":["GET"]}}],"collection":[{"href":"https:\/\/seabrokers.no\/fundamentering\/wp-json\/wp\/v2\/pages"}],"about":[{"href":"https:\/\/seabrokers.no\/fundamentering\/wp-json\/wp\/v2\/types\/page"}],"author":[{"embeddable":true,"href":"https:\/\/seabrokers.no\/fundamentering\/wp-json\/wp\/v2\/users\/1"}],"replies":[{"embeddable":true,"href":"https:\/\/seabrokers.no\/fundamentering\/wp-json\/wp\/v2\/comments?post=268"}],"version-history":[{"count":0,"href":"https:\/\/seabrokers.no\/fundamentering\/wp-json\/wp\/v2\/pages\/268\/revisions"}],"wp:featuredmedia":[{"embeddable":true,"href":"https:\/\/seabrokers.no\/fundamentering\/wp-json\/wp\/v2\/media\/2064"}],"wp:attachment":[{"href":"https:\/\/seabrokers.no\/fundamentering\/wp-json\/wp\/v2\/media?parent=268"}],"curies":[{"name":"wp","href":"https:\/\/api.w.org\/{rel}","templated":true}]}}