{"id":673,"date":"2023-05-04T08:34:37","date_gmt":"2023-05-04T08:34:37","guid":{"rendered":"https:\/\/seabrokers.no\/fundamentering\/?page_id=673"},"modified":"2023-06-29T15:13:27","modified_gmt":"2023-06-29T15:13:27","slug":"helse-miljo-sikkerhet","status":"publish","type":"page","link":"https:\/\/seabrokers.no\/fundamentering\/baerekraft-khms\/helse-miljo-sikkerhet\/","title":{"rendered":"Helse, milj\u00f8 &#038; sikkerhet"},"content":{"rendered":"<p style=\"font-weight: 400;\">HMS-arbeidet er en integrert del av forretningsdriften v\u00e5r og skal sitte i ryggraden til alle v\u00e5re ansatte.\u00a0Vi produserer kvalitetsprodukter som trygt kan brukes av v\u00e5re kunder, og vi skal ha kvalitet i alle v\u00e5re leveranser.\u00a0I Seabrokers har vi en \u00e5pen og lyttende dialog med ansatte, samarbeidspartnere, leverand\u00f8rer og kunder.<\/p>\n<p style=\"font-weight: 400;\">Vi skal levere \u00abdet lille ekstra\u00bb og v\u00e6re kjent for kvalitet i alle ledd, alltid se etter forbedringer og anerkjenne bidrag som gir positive synergier innen HMS-standarder og forbedring av resultater.<\/p>\n<p style=\"font-weight: 400;\">Seabrokers best\u00e5r av en l\u00e6rende organisasjon som forst\u00e5r oppgavene, og kjenner til risiko med de lover og krav som ligger til arbeidet. Vi gjennomf\u00f8rer arbeidet iht. lovverk, krav og retningslinjer og bidrar aktivt til god erfaringsoverf\u00f8ring.<\/p>\n<p style=\"font-weight: 400;\">Vi i Seabrokers skal aktivt bidra til et godt og trygt arbeidsmilj\u00f8 hvor respekt, trivsel og inkludering er faktorer som verdsettes h\u00f8yt. V\u00e5re ledere skal legge til rette for at riktig og viktig informasjon relatert til arbeidsoppgaver og det psykososiale arbeidsmilj\u00f8 er lett tilgjengelig for alle ansatte, og v\u00e5re ledere skal v\u00e6re tilgjengelige for de ansatte.<\/p>\n<p style=\"font-weight: 400;\">\u00c5rlige medarbeidersamtaler og arbeidsmilj\u00f8unders\u00f8kelser gjennomf\u00f8res for \u00e5 ivareta et sunt og godt arbeidsmilj\u00f8 som fremmer resultater for den enkelte og bedriften.\u00a0Vi skal gjennomf\u00f8re v\u00e5rt arbeid i tr\u00e5d med lover og forskrifter.\u00a0M\u00e5lene v\u00e5re er kort og godt \u2013 ingen ulykker, ingen personskader og ingen milj\u00f8skader.<\/p>\n","protected":false},"excerpt":{"rendered":"<p>HMS-arbeidet er en integrert del av forretningsdriften v\u00e5r og skal sitte i ryggraden til alle v\u00e5re ansatte.\u00a0Vi produserer kvalitetsprodukter som trygt kan brukes av v\u00e5re kunder, og vi skal ha kvalitet i alle v\u00e5re leveranser.\u00a0I Seabrokers har vi en \u00e5pen og lyttende dialog med ansatte, samarbeidspartnere, leverand\u00f8rer og kunder. Vi skal levere \u00abdet lille ekstra\u00bb [&hellip;]<\/p>\n","protected":false},"author":1,"featured_media":653,"parent":143,"menu_order":7,"comment_status":"closed","ping_status":"closed","template":"","meta":{"footnotes":"","_links_to":"","_links_to_target":""},"class_list":["post-673","page","type-page","status-publish","hentry"],"acf":{"subtitle":"","title":"HMS sitter i ryggraden v\u00e5r","text":"Alle som jobber for Seabrokers er ansvarlig for at helse, milj\u00f8 og sikkerhet blir ivaretatt. Firmaets videre suksess er avhengig av gode prestasjoner innen HMS og de ansattes helse og sikkerhet.\r\n","buttons":null,"image":"","video":"","focus_point":"center","style":"dark","type":"full","overlay_opacity":45,"enable_animation":false,"lottie":"","animation_opacity":60},"_links":{"self":[{"href":"https:\/\/seabrokers.no\/fundamentering\/wp-json\/wp\/v2\/pages\/673","targetHints":{"allow":["GET"]}}],"collection":[{"href":"https:\/\/seabrokers.no\/fundamentering\/wp-json\/wp\/v2\/pages"}],"about":[{"href":"https:\/\/seabrokers.no\/fundamentering\/wp-json\/wp\/v2\/types\/page"}],"author":[{"embeddable":true,"href":"https:\/\/seabrokers.no\/fundamentering\/wp-json\/wp\/v2\/users\/1"}],"replies":[{"embeddable":true,"href":"https:\/\/seabrokers.no\/fundamentering\/wp-json\/wp\/v2\/comments?post=673"}],"version-history":[{"count":0,"href":"https:\/\/seabrokers.no\/fundamentering\/wp-json\/wp\/v2\/pages\/673\/revisions"}],"up":[{"embeddable":true,"href":"https:\/\/seabrokers.no\/fundamentering\/wp-json\/wp\/v2\/pages\/143"}],"wp:featuredmedia":[{"embeddable":true,"href":"https:\/\/seabrokers.no\/fundamentering\/wp-json\/wp\/v2\/media\/653"}],"wp:attachment":[{"href":"https:\/\/seabrokers.no\/fundamentering\/wp-json\/wp\/v2\/media?parent=673"}],"curies":[{"name":"wp","href":"https:\/\/api.w.org\/{rel}","templated":true}]}}