{"id":32,"date":"2023-04-18T10:47:16","date_gmt":"2023-04-18T10:47:16","guid":{"rendered":"https:\/\/seabrokers.no\/havnekraner\/?page_id=32"},"modified":"2023-08-08T09:57:39","modified_gmt":"2023-08-08T09:57:39","slug":"verksted","status":"publish","type":"page","link":"https:\/\/seabrokers.no\/heavymachinery\/verksted\/","title":{"rendered":"Verksted"},"content":{"rendered":"<p>Seabrokers Heavy Machinery har kraner i jobb langs hele Norges kyst. Det er avgj\u00f8rende at utstyret er 100% vedlikeholdt, virker hver dag, og kan repareres umiddelbart dersom feil oppst\u00e5r. Vi har derfor et eget verksted med egen verkstedsvogn og gode vedlikeholdsrutiner for kranene, slik at oppetid er en selvf\u00f8lge for v\u00e5re kunder.<\/p>\n<p>Vi har h\u00f8yt kvalifisert personell som jobber etter gode rutiner for \u00e5 kunne drifte v\u00e5re maskiner, b\u00e5de med hensyn til sikkerhet, drift og selvsagt oppetid. Dette for at vi skal kunne levere best mulige tjenester til kundene v\u00e5re.<\/p>\n","protected":false},"excerpt":{"rendered":"<p>Seabrokers Heavy Machinery har kraner i jobb langs hele Norges kyst. Det er avgj\u00f8rende at utstyret er 100% vedlikeholdt, virker hver dag, og kan repareres umiddelbart dersom feil oppst\u00e5r. Vi har derfor et eget verksted med egen verkstedsvogn og gode vedlikeholdsrutiner for kranene, slik at oppetid er en selvf\u00f8lge for v\u00e5re kunder. Vi har h\u00f8yt [&hellip;]<\/p>\n","protected":false},"author":1,"featured_media":529,"parent":0,"menu_order":14,"comment_status":"closed","ping_status":"closed","template":"","meta":{"footnotes":"","_links_to":"","_links_to_target":""},"class_list":["post-32","page","type-page","status-publish","hentry"],"acf":{"subtitle":"","title":"Reparasjoner og service","text":"Vi har et eget profesjonelt verksted som tar seg av reparasjoner og vedlikehold p\u00e5 alt maskineri.","buttons":null,"image":"","video":"","focus_point":"end","style":"dark","type":"full","overlay_opacity":40,"enable_animation":false,"lottie":"","animation_opacity":60},"_links":{"self":[{"href":"https:\/\/seabrokers.no\/heavymachinery\/wp-json\/wp\/v2\/pages\/32","targetHints":{"allow":["GET"]}}],"collection":[{"href":"https:\/\/seabrokers.no\/heavymachinery\/wp-json\/wp\/v2\/pages"}],"about":[{"href":"https:\/\/seabrokers.no\/heavymachinery\/wp-json\/wp\/v2\/types\/page"}],"author":[{"embeddable":true,"href":"https:\/\/seabrokers.no\/heavymachinery\/wp-json\/wp\/v2\/users\/1"}],"replies":[{"embeddable":true,"href":"https:\/\/seabrokers.no\/heavymachinery\/wp-json\/wp\/v2\/comments?post=32"}],"version-history":[{"count":0,"href":"https:\/\/seabrokers.no\/heavymachinery\/wp-json\/wp\/v2\/pages\/32\/revisions"}],"wp:featuredmedia":[{"embeddable":true,"href":"https:\/\/seabrokers.no\/heavymachinery\/wp-json\/wp\/v2\/media\/529"}],"wp:attachment":[{"href":"https:\/\/seabrokers.no\/heavymachinery\/wp-json\/wp\/v2\/media?parent=32"}],"curies":[{"name":"wp","href":"https:\/\/api.w.org\/{rel}","templated":true}]}}