{"id":33,"date":"2023-04-18T10:47:46","date_gmt":"2023-04-18T10:47:46","guid":{"rendered":"https:\/\/seabrokers.no\/havnekraner\/?page_id=33"},"modified":"2023-08-07T12:38:15","modified_gmt":"2023-08-07T12:38:15","slug":"selskapet","status":"publish","type":"page","link":"https:\/\/seabrokers.no\/heavymachinery\/selskapet\/","title":{"rendered":"Selskapet"},"content":{"rendered":"<h3>Med havnekraner fra Hammerfest i nord til Stavanger i s\u00f8r, kan vi stolt si at vi er \u00e5 finne langs store deler av norskekysten.<\/h3>\n<p>Gjennom v\u00e5r tilstedev\u00e6relse langs kysten utvidet vi sortimentet til godsh\u00e5ndteringsmaskiner fra SANY, og etter hvert hele sortimentet deres. Som eneimport\u00f8r av SANY, verdens tredje st\u00f8rste produsent av tunge anleggsmaskiner, kan vi kan tilby topp kvalitet, et stort servicenettverk og rask levering p\u00e5 det du m\u00e5tte trenge.<\/p>\n","protected":false},"excerpt":{"rendered":"<p>Med havnekraner fra Hammerfest i nord til Stavanger i s\u00f8r, kan vi stolt si at vi er \u00e5 finne langs store deler av norskekysten. Gjennom v\u00e5r tilstedev\u00e6relse langs kysten utvidet vi sortimentet til godsh\u00e5ndteringsmaskiner fra SANY, og etter hvert hele sortimentet deres. Som eneimport\u00f8r av SANY, verdens tredje st\u00f8rste produsent av tunge anleggsmaskiner, kan vi [&hellip;]<\/p>\n","protected":false},"author":1,"featured_media":532,"parent":0,"menu_order":9,"comment_status":"closed","ping_status":"closed","template":"","meta":{"footnotes":"","_links_to":"","_links_to_target":""},"class_list":["post-33","page","type-page","status-publish","hentry"],"acf":{"subtitle":"","title":"Havnekraner langs hele Norges kyst","text":"Seabrokers Heavy Machinery er en solid og allsidig leverand\u00f8r av kraner og anleggs- og godsh\u00e5ndteringsmaskiner i Norge.","buttons":null,"image":"","video":"","focus_point":"end","style":"dark","type":"full","overlay_opacity":25,"enable_animation":false,"lottie":"","animation_opacity":60},"_links":{"self":[{"href":"https:\/\/seabrokers.no\/heavymachinery\/wp-json\/wp\/v2\/pages\/33","targetHints":{"allow":["GET"]}}],"collection":[{"href":"https:\/\/seabrokers.no\/heavymachinery\/wp-json\/wp\/v2\/pages"}],"about":[{"href":"https:\/\/seabrokers.no\/heavymachinery\/wp-json\/wp\/v2\/types\/page"}],"author":[{"embeddable":true,"href":"https:\/\/seabrokers.no\/heavymachinery\/wp-json\/wp\/v2\/users\/1"}],"replies":[{"embeddable":true,"href":"https:\/\/seabrokers.no\/heavymachinery\/wp-json\/wp\/v2\/comments?post=33"}],"version-history":[{"count":0,"href":"https:\/\/seabrokers.no\/heavymachinery\/wp-json\/wp\/v2\/pages\/33\/revisions"}],"wp:featuredmedia":[{"embeddable":true,"href":"https:\/\/seabrokers.no\/heavymachinery\/wp-json\/wp\/v2\/media\/532"}],"wp:attachment":[{"href":"https:\/\/seabrokers.no\/heavymachinery\/wp-json\/wp\/v2\/media?parent=33"}],"curies":[{"name":"wp","href":"https:\/\/api.w.org\/{rel}","templated":true}]}}