{"id":34,"date":"2023-04-18T10:48:01","date_gmt":"2023-04-18T10:48:01","guid":{"rendered":"https:\/\/seabrokers.no\/havnekraner\/?page_id=34"},"modified":"2023-09-25T12:30:39","modified_gmt":"2023-09-25T12:30:39","slug":"om-oss","status":"publish","type":"page","link":"https:\/\/seabrokers.no\/heavymachinery\/selskapet\/om-oss\/","title":{"rendered":"Om oss"},"content":{"rendered":"<p>Seabrokers Heavy Machinery er et selskap som gjerne tenker litt som Solan Gundersen \u2013 \u00abDet som er vanskelig er en bagatell, og det som er umulig er en utfordring\u00bb. Forretningsomr\u00e5det v\u00e5rt er todelt; det ene er utleie av havnekraner, inkludert lekteren SeaBarge1 som har en havnekran om bord for sj\u00f8rettet anleggsvirksomhet. Det andre er import og salg av anleggsmaskiner og andre kraner.<\/p>\n<p>Vi holder til i moderne lokaler p\u00e5 Forus i Sandnes, der b\u00e5de verksted og administrasjon er samlet. V\u00e5r salgsavdeling for kraner har base i Oslo.<\/p>\n","protected":false},"excerpt":{"rendered":"<p>Seabrokers Heavy Machinery er et selskap som gjerne tenker litt som Solan Gundersen \u2013 \u00abDet som er vanskelig er en bagatell, og det som er umulig er en utfordring\u00bb. Forretningsomr\u00e5det v\u00e5rt er todelt; det ene er utleie av havnekraner, inkludert lekteren SeaBarge1 som har en havnekran om bord for sj\u00f8rettet anleggsvirksomhet. Det andre er import [&hellip;]<\/p>\n","protected":false},"author":1,"featured_media":539,"parent":33,"menu_order":13,"comment_status":"closed","ping_status":"closed","template":"","meta":{"footnotes":"","_links_to":"","_links_to_target":""},"class_list":["post-34","page","type-page","status-publish","hentry"],"acf":{"subtitle":"","title":"Fleksible havnekraner fikser jobben","text":"Seabrokers Heavy Machinery er et fremoverlent selskap som ser muligheter der andre ser utfordringer.","buttons":null,"image":"","video":"","focus_point":"center","style":"dark","type":"full","overlay_opacity":30,"enable_animation":false,"lottie":"","animation_opacity":60},"_links":{"self":[{"href":"https:\/\/seabrokers.no\/heavymachinery\/wp-json\/wp\/v2\/pages\/34","targetHints":{"allow":["GET"]}}],"collection":[{"href":"https:\/\/seabrokers.no\/heavymachinery\/wp-json\/wp\/v2\/pages"}],"about":[{"href":"https:\/\/seabrokers.no\/heavymachinery\/wp-json\/wp\/v2\/types\/page"}],"author":[{"embeddable":true,"href":"https:\/\/seabrokers.no\/heavymachinery\/wp-json\/wp\/v2\/users\/1"}],"replies":[{"embeddable":true,"href":"https:\/\/seabrokers.no\/heavymachinery\/wp-json\/wp\/v2\/comments?post=34"}],"version-history":[{"count":0,"href":"https:\/\/seabrokers.no\/heavymachinery\/wp-json\/wp\/v2\/pages\/34\/revisions"}],"up":[{"embeddable":true,"href":"https:\/\/seabrokers.no\/heavymachinery\/wp-json\/wp\/v2\/pages\/33"}],"wp:featuredmedia":[{"embeddable":true,"href":"https:\/\/seabrokers.no\/heavymachinery\/wp-json\/wp\/v2\/media\/539"}],"wp:attachment":[{"href":"https:\/\/seabrokers.no\/heavymachinery\/wp-json\/wp\/v2\/media?parent=34"}],"curies":[{"name":"wp","href":"https:\/\/api.w.org\/{rel}","templated":true}]}}