{"id":36,"date":"2023-04-18T10:48:15","date_gmt":"2023-04-18T10:48:15","guid":{"rendered":"https:\/\/seabrokers.no\/havnekraner\/?page_id=36"},"modified":"2023-08-07T12:43:06","modified_gmt":"2023-08-07T12:43:06","slug":"visjon-verdier","status":"publish","type":"page","link":"https:\/\/seabrokers.no\/heavymachinery\/selskapet\/visjon-verdier\/","title":{"rendered":"Visjon &#038; verdier"},"content":{"rendered":"<h3>Stolt<\/h3>\n<p>Vi er stolte av \u00e5 v\u00e6re en del av Seabrokers Group og alt det vi f\u00e5r til. V\u00e5re eiere kan v\u00e6re stolte av det de har skapt gjennom 40 \u00e5r.<\/p>\n<h3>Solid<\/h3>\n<p>Vi er et solid selskap og skal ha en markedsf\u00f8ring som klart kommuniserer det. Vi er til \u00e5 stole p\u00e5 og har l\u00f8fteevnen som trengs b\u00e5de for \u00e5 starte nye prosjekter, og \u00e5 f\u00e5 dem til \u00e5 vokse.<\/p>\n<h3>Skapende<\/h3>\n<p>Det ligger i v\u00e5rt DNA \u00e5 skape nye produkter og tjenester. Derfor vil vi alltid utfordre oss selv p\u00e5 \u00e5 skape nye muligheter som har gode ringvirkninger.<\/p>\n","protected":false},"excerpt":{"rendered":"<p>Stolt Vi er stolte av \u00e5 v\u00e6re en del av Seabrokers Group og alt det vi f\u00e5r til. V\u00e5re eiere kan v\u00e6re stolte av det de har skapt gjennom 40 \u00e5r. Solid Vi er et solid selskap og skal ha en markedsf\u00f8ring som klart kommuniserer det. Vi er til \u00e5 stole p\u00e5 og har l\u00f8fteevnen [&hellip;]<\/p>\n","protected":false},"author":1,"featured_media":531,"parent":33,"menu_order":12,"comment_status":"closed","ping_status":"closed","template":"","meta":{"footnotes":"","_links_to":"","_links_to_target":""},"class_list":["post-36","page","type-page","status-publish","hentry"],"acf":{"subtitle":"","title":"F\u00f8rstevalget innen havnekraner og anleggsmaskiner","text":"Vi skal v\u00e6re landets mest attraktive og foretrukne leverand\u00f8r av havnekraner og anleggsmaskiner.","buttons":null,"image":"","video":"","focus_point":"end","style":"dark","type":"full","overlay_opacity":30,"enable_animation":false,"lottie":"","animation_opacity":60},"_links":{"self":[{"href":"https:\/\/seabrokers.no\/heavymachinery\/wp-json\/wp\/v2\/pages\/36","targetHints":{"allow":["GET"]}}],"collection":[{"href":"https:\/\/seabrokers.no\/heavymachinery\/wp-json\/wp\/v2\/pages"}],"about":[{"href":"https:\/\/seabrokers.no\/heavymachinery\/wp-json\/wp\/v2\/types\/page"}],"author":[{"embeddable":true,"href":"https:\/\/seabrokers.no\/heavymachinery\/wp-json\/wp\/v2\/users\/1"}],"replies":[{"embeddable":true,"href":"https:\/\/seabrokers.no\/heavymachinery\/wp-json\/wp\/v2\/comments?post=36"}],"version-history":[{"count":0,"href":"https:\/\/seabrokers.no\/heavymachinery\/wp-json\/wp\/v2\/pages\/36\/revisions"}],"up":[{"embeddable":true,"href":"https:\/\/seabrokers.no\/heavymachinery\/wp-json\/wp\/v2\/pages\/33"}],"wp:featuredmedia":[{"embeddable":true,"href":"https:\/\/seabrokers.no\/heavymachinery\/wp-json\/wp\/v2\/media\/531"}],"wp:attachment":[{"href":"https:\/\/seabrokers.no\/heavymachinery\/wp-json\/wp\/v2\/media?parent=36"}],"curies":[{"name":"wp","href":"https:\/\/api.w.org\/{rel}","templated":true}]}}