{"id":360,"date":"2023-04-25T15:16:14","date_gmt":"2023-04-25T15:16:14","guid":{"rendered":"https:\/\/seabrokers.no\/havnekraner\/?page_id=360"},"modified":"2023-08-07T12:55:41","modified_gmt":"2023-08-07T12:55:41","slug":"historie","status":"publish","type":"page","link":"https:\/\/seabrokers.no\/heavymachinery\/selskapet\/historie\/","title":{"rendered":"Historie"},"content":{"rendered":"<p>I 2013 ble havnekranportef\u00f8ljen fisjonert ut av Seabrokers Kran og Transport som et eget selskap. Den gang var Seabrokers Kran og Transport en betydelig akt\u00f8r i regionen frem til 2017, da kran- og transportdelen ble solgt og vi beholdt havnekranportef\u00f8ljen. Da ble det naturlig for oss \u00e5 skifte navn til Seabrokers Havnekraner.<\/p>\n<p>Langtidsutleie av havnekraner har siden den gang v\u00e6rt ryggmargen i selskapet. Solide, gode kunder som ASCO Norge har bidratt til langsiktighet og stabilitet.<\/p>\n<p>For \u00e5 komplettere v\u00e5r tilstedev\u00e6relse i havnene med annet utstyr, inngikk vi en avtale med SANY om \u00e5 introdusere deres maritime portef\u00f8lje i Norge. Dette gav oss muligheten til \u00e5 importere utstyr for salg og utleie til havner og produksjonsbedrifter som hadde behov for stortrucker og Reach Stackere.<\/p>\n<p>Dette utviklet seg til \u00e5 bli et samarbeid hvor vi er blitt eneimport\u00f8r av utstyr fra verdens tredje st\u00f8rste produsent av tunge anleggsmaskiner. Disse er delt inn i tre hovedomr\u00e5der: godsh\u00e5ndtering, anleggsmaskiner og kraner.<\/p>\n<p>Sammen med gode forhandlere rundt i hele landet, har vi n\u00e5dd m\u00e5let om \u00e5 bli en landsdekkende organisasjon innen dette forretningsomr\u00e5det. V\u00e5rt m\u00e5l er \u00e5 lykkes med \u00e5 gi deg som kunde en god opplevelse med maskinene v\u00e5re.<\/p>\n<p style=\"font-weight: 400;\">Siden 2017 har vi \u00f8kt v\u00e5r portef\u00f8lje innen havnekraner, samtidig som selskapet har \u00f8kt sin business innen maskinimport, salg og vedlikehold. I tillegg til \u00e5 leie ut havnekraner, er selskapet eksklusiv import\u00f8r for SANY anleggsmaskiner, havneutstyr og kraner. Vi gj\u00f8r ogs\u00e5 leveranser innen lektere, tungl\u00f8ft til sj\u00f8 og annen sj\u00f8relatert anleggsvirksomhet.<\/p>\n<p style=\"font-weight: 400;\">I lyset av selskapets utvikling og videre planer, endres selskapsnavnet fra Seabrokers Havnekraner til Seabrokers Heavy Machinery.<\/p>\n<p style=\"font-weight: 400;\">Seabrokers Heavy Machinery best\u00e5r av de samme dyktige folkene vi har hatt med oss i en \u00e5rrekke, og selskapet skal levere de samme havnekranene, samt en bredde av andre maskiner.<\/p>\n","protected":false},"excerpt":{"rendered":"<p>I 2013 ble havnekranportef\u00f8ljen fisjonert ut av Seabrokers Kran og Transport som et eget selskap. Den gang var Seabrokers Kran og Transport en betydelig akt\u00f8r i regionen frem til 2017, da kran- og transportdelen ble solgt og vi beholdt havnekranportef\u00f8ljen. Da ble det naturlig for oss \u00e5 skifte navn til Seabrokers Havnekraner. Langtidsutleie av havnekraner [&hellip;]<\/p>\n","protected":false},"author":1,"featured_media":540,"parent":33,"menu_order":10,"comment_status":"closed","ping_status":"closed","template":"","meta":{"footnotes":"","_links_to":"","_links_to_target":""},"class_list":["post-360","page","type-page","status-publish","hentry"],"acf":{"subtitle":"Historie","title":"Historien v\u00e5r","text":"Seabrokers Heavy Machinery er en solid og allsidig leverand\u00f8r av kraner, anleggs- og godsh\u00e5ndteringsmaskiner i Norge.","buttons":null,"image":"","video":"","focus_point":"center","style":"dark","type":"full","overlay_opacity":45,"enable_animation":false,"lottie":"","animation_opacity":60},"_links":{"self":[{"href":"https:\/\/seabrokers.no\/heavymachinery\/wp-json\/wp\/v2\/pages\/360","targetHints":{"allow":["GET"]}}],"collection":[{"href":"https:\/\/seabrokers.no\/heavymachinery\/wp-json\/wp\/v2\/pages"}],"about":[{"href":"https:\/\/seabrokers.no\/heavymachinery\/wp-json\/wp\/v2\/types\/page"}],"author":[{"embeddable":true,"href":"https:\/\/seabrokers.no\/heavymachinery\/wp-json\/wp\/v2\/users\/1"}],"replies":[{"embeddable":true,"href":"https:\/\/seabrokers.no\/heavymachinery\/wp-json\/wp\/v2\/comments?post=360"}],"version-history":[{"count":0,"href":"https:\/\/seabrokers.no\/heavymachinery\/wp-json\/wp\/v2\/pages\/360\/revisions"}],"up":[{"embeddable":true,"href":"https:\/\/seabrokers.no\/heavymachinery\/wp-json\/wp\/v2\/pages\/33"}],"wp:featuredmedia":[{"embeddable":true,"href":"https:\/\/seabrokers.no\/heavymachinery\/wp-json\/wp\/v2\/media\/540"}],"wp:attachment":[{"href":"https:\/\/seabrokers.no\/heavymachinery\/wp-json\/wp\/v2\/media?parent=360"}],"curies":[{"name":"wp","href":"https:\/\/api.w.org\/{rel}","templated":true}]}}