{"id":38,"date":"2023-04-18T11:08:03","date_gmt":"2023-04-18T11:08:03","guid":{"rendered":"https:\/\/seabrokers.no\/havnekraner\/?page_id=38"},"modified":"2023-08-07T13:03:17","modified_gmt":"2023-08-07T13:03:17","slug":"baerekraft-khms","status":"publish","type":"page","link":"https:\/\/seabrokers.no\/heavymachinery\/baerekraft-khms\/","title":{"rendered":"B\u00e6rekraft &#038; KHMS"},"content":{"rendered":"<h3>Siden etableringen av Seabrokers Group i 1982, har fokuset v\u00e6rt b\u00e6rekraftig innovasjon.<\/h3>\n<p>Vi har v\u00e6rt ledende innen ny teknologi og milj\u00f8vennlige l\u00f8sninger til alle tider, og vil fortsette m\u00e5let mot en mer b\u00e6rekraftig verden.<\/p>\n<p>Seabrokers Heavy Machinery har nylig blitt ISO14001 sertifisert. Vi jobber for \u00e5 evaluere det milj\u00f8messige aspektet i alle operasjoner og implementerer elektriske og hybridkraner i alle norske havner.<\/p>\n","protected":false},"excerpt":{"rendered":"<p>Siden etableringen av Seabrokers Group i 1982, har fokuset v\u00e6rt b\u00e6rekraftig innovasjon. Vi har v\u00e6rt ledende innen ny teknologi og milj\u00f8vennlige l\u00f8sninger til alle tider, og vil fortsette m\u00e5let mot en mer b\u00e6rekraftig verden. Seabrokers Heavy Machinery har nylig blitt ISO14001 sertifisert. Vi jobber for \u00e5 evaluere det milj\u00f8messige aspektet i alle operasjoner og implementerer [&hellip;]<\/p>\n","protected":false},"author":1,"featured_media":550,"parent":0,"menu_order":4,"comment_status":"closed","ping_status":"closed","template":"","meta":{"footnotes":"","_links_to":"","_links_to_target":""},"class_list":["post-38","page","type-page","status-publish","hentry"],"acf":{"subtitle":"","title":"Med fremtiden for \u00f8yet","text":"Vi jobber kontinuerlig med \u00e5 redusere milj\u00f8avtrykket v\u00e5rt, bruke biodrivstoff og elektrifisere mer av produksjonen v\u00e5r.","buttons":null,"image":"","video":"","focus_point":"end","style":"dark","type":"full","overlay_opacity":50,"enable_animation":false,"lottie":"","animation_opacity":60},"_links":{"self":[{"href":"https:\/\/seabrokers.no\/heavymachinery\/wp-json\/wp\/v2\/pages\/38","targetHints":{"allow":["GET"]}}],"collection":[{"href":"https:\/\/seabrokers.no\/heavymachinery\/wp-json\/wp\/v2\/pages"}],"about":[{"href":"https:\/\/seabrokers.no\/heavymachinery\/wp-json\/wp\/v2\/types\/page"}],"author":[{"embeddable":true,"href":"https:\/\/seabrokers.no\/heavymachinery\/wp-json\/wp\/v2\/users\/1"}],"replies":[{"embeddable":true,"href":"https:\/\/seabrokers.no\/heavymachinery\/wp-json\/wp\/v2\/comments?post=38"}],"version-history":[{"count":0,"href":"https:\/\/seabrokers.no\/heavymachinery\/wp-json\/wp\/v2\/pages\/38\/revisions"}],"wp:featuredmedia":[{"embeddable":true,"href":"https:\/\/seabrokers.no\/heavymachinery\/wp-json\/wp\/v2\/media\/550"}],"wp:attachment":[{"href":"https:\/\/seabrokers.no\/heavymachinery\/wp-json\/wp\/v2\/media?parent=38"}],"curies":[{"name":"wp","href":"https:\/\/api.w.org\/{rel}","templated":true}]}}