{"id":39,"date":"2023-04-18T11:08:15","date_gmt":"2023-04-18T11:08:15","guid":{"rendered":"https:\/\/seabrokers.no\/havnekraner\/?page_id=39"},"modified":"2023-08-22T13:31:12","modified_gmt":"2023-08-22T13:31:12","slug":"samfunnsansvar","status":"publish","type":"page","link":"https:\/\/seabrokers.no\/heavymachinery\/baerekraft-khms\/samfunnsansvar\/","title":{"rendered":"Samfunnsansvar"},"content":{"rendered":"<ul>\n<li>Seabrokers skal gjennom verdiskapning, l\u00f8nnsomhet og innovasjon bidra til trygge og gode arbeidsplasser, inntekter til det offentlige og en bedre n\u00e6ringsmiks i regionen.<\/li>\n<li>Vi skal fremst\u00e5 som en solid partner som legger til rette for samarbeid p\u00e5 tvers av bransjer som er til \u00e5 stole p\u00e5.<\/li>\n<li>Yrker er i endring, og det er behov for b\u00e5de nyutdannede og de som har lang og god erfaring. Vi i Seabrokers har tro p\u00e5 team som utfyller hverandre og spiller hverandre gode!<\/li>\n<\/ul>\n","protected":false},"excerpt":{"rendered":"<p>Seabrokers skal gjennom verdiskapning, l\u00f8nnsomhet og innovasjon bidra til trygge og gode arbeidsplasser, inntekter til det offentlige og en bedre n\u00e6ringsmiks i regionen. Vi skal fremst\u00e5 som en solid partner som legger til rette for samarbeid p\u00e5 tvers av bransjer som er til \u00e5 stole p\u00e5. Yrker er i endring, og det er behov for [&hellip;]<\/p>\n","protected":false},"author":1,"featured_media":537,"parent":38,"menu_order":5,"comment_status":"closed","ping_status":"closed","template":"","meta":{"footnotes":"","_links_to":"","_links_to_target":""},"class_list":["post-39","page","type-page","status-publish","hentry"],"acf":{"subtitle":"","title":"En ansvarlig samfunnsakt\u00f8r","text":"Med fokus p\u00e5 mennesker, arbeidsmilj\u00f8 og samfunn.","buttons":null,"image":"","video":"","focus_point":"end","style":"dark","type":"full","overlay_opacity":30,"enable_animation":false,"lottie":"","animation_opacity":60},"_links":{"self":[{"href":"https:\/\/seabrokers.no\/heavymachinery\/wp-json\/wp\/v2\/pages\/39","targetHints":{"allow":["GET"]}}],"collection":[{"href":"https:\/\/seabrokers.no\/heavymachinery\/wp-json\/wp\/v2\/pages"}],"about":[{"href":"https:\/\/seabrokers.no\/heavymachinery\/wp-json\/wp\/v2\/types\/page"}],"author":[{"embeddable":true,"href":"https:\/\/seabrokers.no\/heavymachinery\/wp-json\/wp\/v2\/users\/1"}],"replies":[{"embeddable":true,"href":"https:\/\/seabrokers.no\/heavymachinery\/wp-json\/wp\/v2\/comments?post=39"}],"version-history":[{"count":0,"href":"https:\/\/seabrokers.no\/heavymachinery\/wp-json\/wp\/v2\/pages\/39\/revisions"}],"up":[{"embeddable":true,"href":"https:\/\/seabrokers.no\/heavymachinery\/wp-json\/wp\/v2\/pages\/38"}],"wp:featuredmedia":[{"embeddable":true,"href":"https:\/\/seabrokers.no\/heavymachinery\/wp-json\/wp\/v2\/media\/537"}],"wp:attachment":[{"href":"https:\/\/seabrokers.no\/heavymachinery\/wp-json\/wp\/v2\/media?parent=39"}],"curies":[{"name":"wp","href":"https:\/\/api.w.org\/{rel}","templated":true}]}}