{"id":475,"date":"2023-04-28T08:56:02","date_gmt":"2023-04-28T08:56:02","guid":{"rendered":"https:\/\/seabrokers.no\/havnekraner\/?page_id=475"},"modified":"2023-05-12T10:36:11","modified_gmt":"2023-05-12T10:36:11","slug":"teknisk-hjelp-og-delebestilling","status":"publish","type":"page","link":"https:\/\/seabrokers.no\/heavymachinery\/teknisk-hjelp-og-delebestilling\/","title":{"rendered":"Teknisk hjelp og delebestilling"},"content":{"rendered":"","protected":false},"excerpt":{"rendered":"","protected":false},"author":1,"featured_media":0,"parent":0,"menu_order":0,"comment_status":"closed","ping_status":"closed","template":"","meta":{"footnotes":"","_links_to":"","_links_to_target":""},"class_list":["post-475","page","type-page","status-publish","hentry"],"acf":{"subtitle":"","title":"Vi er her for \u00e5 hjelpe deg","text":"V\u00e5re dyktige medarbeidere bist\u00e5r deg dersom du trenger teknisk support eller \u00f8nsker \u00e5 bestille deler.","buttons":null,"image":"","video":"","focus_point":"end","style":"dark","type":"half","overlay_opacity":60,"enable_animation":false,"lottie":"","animation_opacity":60},"_links":{"self":[{"href":"https:\/\/seabrokers.no\/heavymachinery\/wp-json\/wp\/v2\/pages\/475","targetHints":{"allow":["GET"]}}],"collection":[{"href":"https:\/\/seabrokers.no\/heavymachinery\/wp-json\/wp\/v2\/pages"}],"about":[{"href":"https:\/\/seabrokers.no\/heavymachinery\/wp-json\/wp\/v2\/types\/page"}],"author":[{"embeddable":true,"href":"https:\/\/seabrokers.no\/heavymachinery\/wp-json\/wp\/v2\/users\/1"}],"replies":[{"embeddable":true,"href":"https:\/\/seabrokers.no\/heavymachinery\/wp-json\/wp\/v2\/comments?post=475"}],"version-history":[{"count":0,"href":"https:\/\/seabrokers.no\/heavymachinery\/wp-json\/wp\/v2\/pages\/475\/revisions"}],"wp:attachment":[{"href":"https:\/\/seabrokers.no\/heavymachinery\/wp-json\/wp\/v2\/media?parent=475"}],"curies":[{"name":"wp","href":"https:\/\/api.w.org\/{rel}","templated":true}]}}