{"id":10,"date":"2023-04-18T15:15:56","date_gmt":"2023-04-18T13:15:56","guid":{"rendered":"https:\/\/seabrokers.no\/seabreezeyachting\/?page_id=10"},"modified":"2023-08-22T14:39:26","modified_gmt":"2023-08-22T12:39:26","slug":"hjem","status":"publish","type":"page","link":"https:\/\/seabrokers.no\/seabreezeyachting\/","title":{"rendered":"Hjem"},"content":{"rendered":"","protected":false},"excerpt":{"rendered":"","protected":false},"author":1,"featured_media":22,"parent":0,"menu_order":0,"comment_status":"closed","ping_status":"closed","template":"","meta":{"footnotes":"","_links_to":"","_links_to_target":""},"class_list":["post-10","page","type-page","status-publish","hentry"],"acf":{"subtitle":"Seabreeze II","title":"Den gode f\u00f8lelsen<br> p\u00e5 havet","text":"Booker du Seabreeze Yachting f\u00e5r du en unik opplevelse til sj\u00f8s \u2013 enten med venner, kunder eller ansatte. ","buttons":null,"image":216,"video":217,"focus_point":"end","style":"dark","type":"full","overlay_opacity":15,"enable_animation":true,"lottie":"https:\/\/lottie.host\/4a265ea0-9fff-4cb0-b232-ec0c72587904\/gSZppS4S1H.json","animation_opacity":100},"_links":{"self":[{"href":"https:\/\/seabrokers.no\/seabreezeyachting\/wp-json\/wp\/v2\/pages\/10","targetHints":{"allow":["GET"]}}],"collection":[{"href":"https:\/\/seabrokers.no\/seabreezeyachting\/wp-json\/wp\/v2\/pages"}],"about":[{"href":"https:\/\/seabrokers.no\/seabreezeyachting\/wp-json\/wp\/v2\/types\/page"}],"author":[{"embeddable":true,"href":"https:\/\/seabrokers.no\/seabreezeyachting\/wp-json\/wp\/v2\/users\/1"}],"replies":[{"embeddable":true,"href":"https:\/\/seabrokers.no\/seabreezeyachting\/wp-json\/wp\/v2\/comments?post=10"}],"version-history":[{"count":0,"href":"https:\/\/seabrokers.no\/seabreezeyachting\/wp-json\/wp\/v2\/pages\/10\/revisions"}],"wp:featuredmedia":[{"embeddable":true,"href":"https:\/\/seabrokers.no\/seabreezeyachting\/wp-json\/wp\/v2\/media\/22"}],"wp:attachment":[{"href":"https:\/\/seabrokers.no\/seabreezeyachting\/wp-json\/wp\/v2\/media?parent=10"}],"curies":[{"name":"wp","href":"https:\/\/api.w.org\/{rel}","templated":true}]}}