{"id":41,"date":"2023-04-13T10:25:54","date_gmt":"2023-04-13T10:25:54","guid":{"rendered":"https:\/\/seabrokers.no\/eiendomsdrift\/?page_id=41"},"modified":"2026-04-22T11:46:39","modified_gmt":"2026-04-22T11:46:39","slug":"baerekraft-khms","status":"publish","type":"page","link":"https:\/\/seabrokers.no\/services\/baerekraft-khms\/","title":{"rendered":"B\u00e6rekraft &#038; KHMS"},"content":{"rendered":"<p>Siden etableringen av Seabrokers Group i 1982 har fokuset v\u00e5rt v\u00e6rt b\u00e6rekraftig innovasjon. Vi har v\u00e6rt ledende innen ny teknologi og milj\u00f8vennlige l\u00f8sninger til alle tider, og vil fortsette m\u00e5let mot en mer b\u00e6rekraftig verden.<\/p>\n<p>Seabrokers Services drifter over 300 000 m\u00b2 med n\u00e6ringsbygg. Vi har fokus p\u00e5 b\u00e6rekraft gjennom \u00e5 redusere matavfall, begrense bruken av engangsservice, utfase plastprodukter og kontrollere bruken av potensielt skadelige kjemikalier.<\/p>\n<p>Bilparken v\u00e5r er n\u00e5 85% elektrisk, og innen utgangen av 2025 er ambisjonen \u00e5 ha n\u00e5dd 100%.<\/p>\n<p>Seabrokers Services er en stor innkj\u00f8per av str\u00f8m. Derfor har vi s\u00f8rget for at all str\u00f8m vi kj\u00f8per har en 100% fornybargaranti. Som kunde kan du med andre ord rapportere null i CO\u2082-utslipp p\u00e5 str\u00f8mmen dere benytter.<\/p>\n","protected":false},"excerpt":{"rendered":"<p>Siden etableringen av Seabrokers Group i 1982 har fokuset v\u00e5rt v\u00e6rt b\u00e6rekraftig innovasjon. Vi har v\u00e6rt ledende innen ny teknologi og milj\u00f8vennlige l\u00f8sninger til alle tider, og vil fortsette m\u00e5let mot en mer b\u00e6rekraftig verden. Seabrokers Services drifter over 300 000 m\u00b2 med n\u00e6ringsbygg. Vi har fokus p\u00e5 b\u00e6rekraft gjennom \u00e5 redusere matavfall, begrense bruken [&hellip;]<\/p>\n","protected":false},"author":1,"featured_media":705,"parent":0,"menu_order":0,"comment_status":"closed","ping_status":"closed","template":"","meta":{"footnotes":"","_links_to":"","_links_to_target":""},"class_list":["post-41","page","type-page","status-publish","hentry"],"acf":{"subtitle":"","title":"Med fremtiden for \u00f8yet","text":"Vi vil bidra til l\u00f8sninger som reduser v\u00e5rt klimaavtrykk og \u00f8ker v\u00e5r kunnskap innen ny gr\u00f8nn teknologi og b\u00e6rekraftige l\u00f8sninger.","buttons":null,"image":"","video":"","focus_point":"center","style":"dark","type":"full","overlay_opacity":30,"enable_animation":false,"lottie":"","animation_opacity":60},"_links":{"self":[{"href":"https:\/\/seabrokers.no\/services\/wp-json\/wp\/v2\/pages\/41","targetHints":{"allow":["GET"]}}],"collection":[{"href":"https:\/\/seabrokers.no\/services\/wp-json\/wp\/v2\/pages"}],"about":[{"href":"https:\/\/seabrokers.no\/services\/wp-json\/wp\/v2\/types\/page"}],"author":[{"embeddable":true,"href":"https:\/\/seabrokers.no\/services\/wp-json\/wp\/v2\/users\/1"}],"replies":[{"embeddable":true,"href":"https:\/\/seabrokers.no\/services\/wp-json\/wp\/v2\/comments?post=41"}],"version-history":[{"count":0,"href":"https:\/\/seabrokers.no\/services\/wp-json\/wp\/v2\/pages\/41\/revisions"}],"wp:featuredmedia":[{"embeddable":true,"href":"https:\/\/seabrokers.no\/services\/wp-json\/wp\/v2\/media\/705"}],"wp:attachment":[{"href":"https:\/\/seabrokers.no\/services\/wp-json\/wp\/v2\/media?parent=41"}],"curies":[{"name":"wp","href":"https:\/\/api.w.org\/{rel}","templated":true}]}}