{"id":42,"date":"2023-04-13T10:30:19","date_gmt":"2023-04-13T10:30:19","guid":{"rendered":"https:\/\/seabrokers.no\/eiendomsdrift\/?page_id=42"},"modified":"2024-11-15T09:48:34","modified_gmt":"2024-11-15T09:48:34","slug":"baerekraftsmal","status":"publish","type":"page","link":"https:\/\/seabrokers.no\/services\/baerekraft-khms\/baerekraftsmal\/","title":{"rendered":"B\u00e6rekraftsm\u00e5l"},"content":{"rendered":"<p>Vi vil bidra til l\u00f8sninger som reduser v\u00e5rt klimaavtrykk og \u00f8ker v\u00e5r kunnskap innen ny gr\u00f8nn teknologi og b\u00e6rekraftige l\u00f8sninger. Bilparken v\u00e5r er n\u00e5 85% elektrisk, og innen utgangen av 2025 er ambisjonen \u00e5 ha n\u00e5dd 100%.<\/p>\n<p>Seabrokers Services er en stor innkj\u00f8per av str\u00f8m. Derfor har vi s\u00f8rget for at all str\u00f8m vi kj\u00f8per har en 100% fornybargaranti. Som kunde kan du med andre ord rapportere null i CO2-utslipp p\u00e5 str\u00f8mmen dere benytter.<\/p>\n<p>V\u00e5rt arbeid skal utf\u00f8res med respekt for mennesker, natur og milj\u00f8, og vi trekker spesielt frem f\u00f8lgende m\u00e5l fra FNs m\u00e5l for b\u00e6rekraftig utvikling:<\/p>\n","protected":false},"excerpt":{"rendered":"<p>Vi vil bidra til l\u00f8sninger som reduser v\u00e5rt klimaavtrykk og \u00f8ker v\u00e5r kunnskap innen ny gr\u00f8nn teknologi og b\u00e6rekraftige l\u00f8sninger. Bilparken v\u00e5r er n\u00e5 85% elektrisk, og innen utgangen av 2025 er ambisjonen \u00e5 ha n\u00e5dd 100%. Seabrokers Services er en stor innkj\u00f8per av str\u00f8m. Derfor har vi s\u00f8rget for at all str\u00f8m vi kj\u00f8per [&hellip;]<\/p>\n","protected":false},"author":1,"featured_media":642,"parent":41,"menu_order":0,"comment_status":"closed","ping_status":"closed","template":"","meta":{"footnotes":"","_links_to":"","_links_to_target":""},"class_list":["post-42","page","type-page","status-publish","hentry"],"acf":{"subtitle":"B\u00e6rekraftsm\u00e5l","title":"Vi tenker p\u00e5 fremtiden","text":"I Seabrokers Services jobber vi aktivt for \u00e5 n\u00e5 v\u00e5re m\u00e5l for en b\u00e6rekraftig utvikling.","buttons":null,"image":"","video":"","focus_point":"center","style":"dark","type":"full","overlay_opacity":24,"enable_animation":false,"lottie":"","animation_opacity":60},"_links":{"self":[{"href":"https:\/\/seabrokers.no\/services\/wp-json\/wp\/v2\/pages\/42","targetHints":{"allow":["GET"]}}],"collection":[{"href":"https:\/\/seabrokers.no\/services\/wp-json\/wp\/v2\/pages"}],"about":[{"href":"https:\/\/seabrokers.no\/services\/wp-json\/wp\/v2\/types\/page"}],"author":[{"embeddable":true,"href":"https:\/\/seabrokers.no\/services\/wp-json\/wp\/v2\/users\/1"}],"replies":[{"embeddable":true,"href":"https:\/\/seabrokers.no\/services\/wp-json\/wp\/v2\/comments?post=42"}],"version-history":[{"count":0,"href":"https:\/\/seabrokers.no\/services\/wp-json\/wp\/v2\/pages\/42\/revisions"}],"up":[{"embeddable":true,"href":"https:\/\/seabrokers.no\/services\/wp-json\/wp\/v2\/pages\/41"}],"wp:featuredmedia":[{"embeddable":true,"href":"https:\/\/seabrokers.no\/services\/wp-json\/wp\/v2\/media\/642"}],"wp:attachment":[{"href":"https:\/\/seabrokers.no\/services\/wp-json\/wp\/v2\/media?parent=42"}],"curies":[{"name":"wp","href":"https:\/\/api.w.org\/{rel}","templated":true}]}}