{"id":53,"date":"2023-04-17T08:54:04","date_gmt":"2023-04-17T08:54:04","guid":{"rendered":"https:\/\/seabrokers.no\/eiendomsdrift\/?page_id=53"},"modified":"2023-06-29T19:02:48","modified_gmt":"2023-06-29T19:02:48","slug":"om-oss","status":"publish","type":"page","link":"https:\/\/seabrokers.no\/services\/selskapet\/om-oss\/","title":{"rendered":"Om oss"},"content":{"rendered":"<p>Kontoret v\u00e5rt ligger sentralt i Stavangerregionen, og i 2022 hadde Seabrokers Services en omsetning p\u00e5 ca. 238 millioner kroner.<\/p>\n<p>Seabrokers Services har i dag ansvar for eiendomsdrift og vedlikehold av ca. 300 000 m\u00b2 eiendom, hovedsakelig kontorbygg, i Stavanger-regionen.<\/p>\n<p>Selskapet kjennetegnes av lokal forankring, h\u00f8y serviceinnstilling i alle ledd, korte beslutningsveier, raske tilbakemeldinger og et genuint \u00f8nske om \u00e5 gj\u00f8re hverdagen enklere for deg som kunde. M\u00e5let v\u00e5rt er \u00e5 levere tjenester preget av \u00abintelligent services\u00bb til konkurransedyktige priser.<\/p>\n<h3>V\u00e5rt konsept<\/h3>\n<p>V\u00e5rt forretningskonsept er administrasjon, eiendomsdrift og forvaltning av n\u00e6ringseiendom. Vi leverer alt fra enkelttjenester til totalpakker ved bruk av egne ansatte, og i samarbeid med leverand\u00f8rer som vi kjenner godt.<\/p>\n<p>Alle v\u00e5re leverand\u00f8rer blir sjekket hvert \u00e5r p\u00e5 kvalitet og pris. Konseptet v\u00e5rt er basert p\u00e5 ett kontaktpunkt for deg som kunde, via blant annet FDV-systemet Plania. Alle driftsrelaterte sp\u00f8rsm\u00e5l og henvendelser for hele v\u00e5r kontrakt h\u00e5ndteres via den dedikerte driftslederen.<\/p>\n<h3>Driftsorganisasjon<\/h3>\n<p>Seabrokers Services har ca. 40 ansatte hvorav 90 % er direkte engasjert i drifts- og prosjektkontrakter hos kunder. V\u00e5re medarbeidere har kompetanse innen prosjekt- og byggeledelse, administrative tjenester, \u00f8konomi, personalledelse, drift og forvaltning.<\/p>\n","protected":false},"excerpt":{"rendered":"<p>Kontoret v\u00e5rt ligger sentralt i Stavangerregionen, og i 2022 hadde Seabrokers Services en omsetning p\u00e5 ca. 238 millioner kroner. Seabrokers Services har i dag ansvar for eiendomsdrift og vedlikehold av ca. 300 000 m\u00b2 eiendom, hovedsakelig kontorbygg, i Stavanger-regionen. Selskapet kjennetegnes av lokal forankring, h\u00f8y serviceinnstilling i alle ledd, korte beslutningsveier, raske tilbakemeldinger og et [&hellip;]<\/p>\n","protected":false},"author":1,"featured_media":417,"parent":40,"menu_order":0,"comment_status":"closed","ping_status":"closed","template":"","meta":{"footnotes":"","_links_to":"","_links_to_target":""},"class_list":["post-53","page","type-page","status-publish","hentry"],"acf":{"subtitle":"","title":"Drifter over 300 000 m\u00b2 eiendom","text":"Seabrokers Services er et selskap i Seabrokers Group, med totalleveranse av drifts- og forvaltningstjenester til n\u00e6ringsbygg. ","buttons":null,"image":"","video":"","focus_point":"end","style":"dark","type":"full","overlay_opacity":40,"enable_animation":false,"lottie":"","animation_opacity":60},"_links":{"self":[{"href":"https:\/\/seabrokers.no\/services\/wp-json\/wp\/v2\/pages\/53","targetHints":{"allow":["GET"]}}],"collection":[{"href":"https:\/\/seabrokers.no\/services\/wp-json\/wp\/v2\/pages"}],"about":[{"href":"https:\/\/seabrokers.no\/services\/wp-json\/wp\/v2\/types\/page"}],"author":[{"embeddable":true,"href":"https:\/\/seabrokers.no\/services\/wp-json\/wp\/v2\/users\/1"}],"replies":[{"embeddable":true,"href":"https:\/\/seabrokers.no\/services\/wp-json\/wp\/v2\/comments?post=53"}],"version-history":[{"count":0,"href":"https:\/\/seabrokers.no\/services\/wp-json\/wp\/v2\/pages\/53\/revisions"}],"up":[{"embeddable":true,"href":"https:\/\/seabrokers.no\/services\/wp-json\/wp\/v2\/pages\/40"}],"wp:featuredmedia":[{"embeddable":true,"href":"https:\/\/seabrokers.no\/services\/wp-json\/wp\/v2\/media\/417"}],"wp:attachment":[{"href":"https:\/\/seabrokers.no\/services\/wp-json\/wp\/v2\/media?parent=53"}],"curies":[{"name":"wp","href":"https:\/\/api.w.org\/{rel}","templated":true}]}}