{"id":69,"date":"2023-04-18T09:55:47","date_gmt":"2023-04-18T09:55:47","guid":{"rendered":"https:\/\/seabrokers.no\/eiendomsdrift\/?page_id=69"},"modified":"2024-05-16T07:28:03","modified_gmt":"2024-05-16T07:28:03","slug":"samfunnsansvar","status":"publish","type":"page","link":"https:\/\/seabrokers.no\/services\/baerekraft-khms\/samfunnsansvar\/","title":{"rendered":"Samfunnsansvar"},"content":{"rendered":"<ul>\n<li>Seabrokers Services skal v\u00e6re en inkluderende og god arbeidsplass som fremmer utvikling, samskaping og vekst.<\/li>\n<li>Vi skal v\u00e6re en solid partner som legger til rette for samarbeid og trivsel p\u00e5 tvers av bransjer og yrkesgrupper. Vi har mennesker, arbeidsmilj\u00f8 og samfunn i fokus.<\/li>\n<li>Verden forandres raskere enn noensinne. Yrker er i endring og det skaper behov for b\u00e5de nyutdannede og de som har lang og god erfaring. Vi har tro p\u00e5 team som utfyller hverandre og gj\u00f8r hverandre gode!<\/li>\n<li>Vi \u00f8nsker \u00e5 v\u00e6re synlige i v\u00e5rt n\u00e6rmilj\u00f8. Gjennom v\u00e5rt samfunnsengasjement vil vi bidra til et stadig mer inkluderende lokalsamfunn \u2013 hvor forskjeller blir mindre, og alle kan v\u00e6re med!<\/li>\n<\/ul>\n","protected":false},"excerpt":{"rendered":"<p>Seabrokers Services skal v\u00e6re en inkluderende og god arbeidsplass som fremmer utvikling, samskaping og vekst. Vi skal v\u00e6re en solid partner som legger til rette for samarbeid og trivsel p\u00e5 tvers av bransjer og yrkesgrupper. Vi har mennesker, arbeidsmilj\u00f8 og samfunn i fokus. Verden forandres raskere enn noensinne. Yrker er i endring og det skaper [&hellip;]<\/p>\n","protected":false},"author":1,"featured_media":421,"parent":41,"menu_order":0,"comment_status":"closed","ping_status":"closed","template":"","meta":{"footnotes":"","_links_to":"","_links_to_target":""},"class_list":["post-69","page","type-page","status-publish","hentry"],"acf":{"subtitle":"","title":"En ansvarlig samfunnsakt\u00f8r ","text":"Med fokus p\u00e5 mennesker, arbeidsmilj\u00f8 og samfunn. ","buttons":null,"image":"","video":"","focus_point":"center","style":"dark","type":"full","overlay_opacity":30,"enable_animation":false,"lottie":"","animation_opacity":60},"_links":{"self":[{"href":"https:\/\/seabrokers.no\/services\/wp-json\/wp\/v2\/pages\/69","targetHints":{"allow":["GET"]}}],"collection":[{"href":"https:\/\/seabrokers.no\/services\/wp-json\/wp\/v2\/pages"}],"about":[{"href":"https:\/\/seabrokers.no\/services\/wp-json\/wp\/v2\/types\/page"}],"author":[{"embeddable":true,"href":"https:\/\/seabrokers.no\/services\/wp-json\/wp\/v2\/users\/1"}],"replies":[{"embeddable":true,"href":"https:\/\/seabrokers.no\/services\/wp-json\/wp\/v2\/comments?post=69"}],"version-history":[{"count":0,"href":"https:\/\/seabrokers.no\/services\/wp-json\/wp\/v2\/pages\/69\/revisions"}],"up":[{"embeddable":true,"href":"https:\/\/seabrokers.no\/services\/wp-json\/wp\/v2\/pages\/41"}],"wp:featuredmedia":[{"embeddable":true,"href":"https:\/\/seabrokers.no\/services\/wp-json\/wp\/v2\/media\/421"}],"wp:attachment":[{"href":"https:\/\/seabrokers.no\/services\/wp-json\/wp\/v2\/media?parent=69"}],"curies":[{"name":"wp","href":"https:\/\/api.w.org\/{rel}","templated":true}]}}