{"id":72,"date":"2023-04-18T09:56:22","date_gmt":"2023-04-18T09:56:22","guid":{"rendered":"https:\/\/seabrokers.no\/eiendomsdrift\/?page_id=72"},"modified":"2023-09-06T18:58:26","modified_gmt":"2023-09-06T18:58:26","slug":"kontakt","status":"publish","type":"page","link":"https:\/\/seabrokers.no\/services\/kontakt\/","title":{"rendered":"Kontakt"},"content":{"rendered":"","protected":false},"excerpt":{"rendered":"","protected":false},"author":1,"featured_media":700,"parent":0,"menu_order":0,"comment_status":"closed","ping_status":"closed","template":"tpl-archive.php","meta":{"footnotes":"","_links_to":"","_links_to_target":""},"class_list":["post-72","page","type-page","status-publish","hentry"],"acf":{"subtitle":"","title":"Vi er her for \u00e5 hjelpe deg","text":"Lurer du p\u00e5 noe? Ikke n\u00f8l med \u00e5 ta kontakt med oss!  ","buttons":null,"image":"","video":"","focus_point":"end","style":"dark","type":"full","overlay_opacity":30,"enable_animation":false,"lottie":"","animation_opacity":60},"_links":{"self":[{"href":"https:\/\/seabrokers.no\/services\/wp-json\/wp\/v2\/pages\/72","targetHints":{"allow":["GET"]}}],"collection":[{"href":"https:\/\/seabrokers.no\/services\/wp-json\/wp\/v2\/pages"}],"about":[{"href":"https:\/\/seabrokers.no\/services\/wp-json\/wp\/v2\/types\/page"}],"author":[{"embeddable":true,"href":"https:\/\/seabrokers.no\/services\/wp-json\/wp\/v2\/users\/1"}],"replies":[{"embeddable":true,"href":"https:\/\/seabrokers.no\/services\/wp-json\/wp\/v2\/comments?post=72"}],"version-history":[{"count":0,"href":"https:\/\/seabrokers.no\/services\/wp-json\/wp\/v2\/pages\/72\/revisions"}],"wp:featuredmedia":[{"embeddable":true,"href":"https:\/\/seabrokers.no\/services\/wp-json\/wp\/v2\/media\/700"}],"wp:attachment":[{"href":"https:\/\/seabrokers.no\/services\/wp-json\/wp\/v2\/media?parent=72"}],"curies":[{"name":"wp","href":"https:\/\/api.w.org\/{rel}","templated":true}]}}