{"id":73,"date":"2023-04-18T09:56:30","date_gmt":"2023-04-18T09:56:30","guid":{"rendered":"https:\/\/seabrokers.no\/eiendomsdrift\/?page_id=73"},"modified":"2025-08-22T06:46:32","modified_gmt":"2025-08-22T06:46:32","slug":"konkurransefortrinn","status":"publish","type":"page","link":"https:\/\/seabrokers.no\/services\/selskapet\/konkurransefortrinn\/","title":{"rendered":"Konkurransefortrinn"},"content":{"rendered":"<p>Som totalleverand\u00f8r av drifts- og forvaltningstjenester til n\u00e6ringsbygg er vi opptatt av \u00e5 betjene dine behov og \u00f8nsker som kunde.<\/p>\n<h3>Forn\u00f8yde kunder<\/h3>\n<p>Kundetilfredshet er avgj\u00f8rende for oss, og derfor sender vi ut \u00e5rlige unders\u00f8kelser for \u00e5 forsikre oss at du som kunde er forn\u00f8yd. Tilbakemeldingene vi f\u00e5r gir medarbeiderne v\u00e5re h\u00f8y score p\u00e5 serviceinnstilling, probleml\u00f8sning og effektivitet.<\/p>\n<p>For at du skal kunne kjenne trygghet med oss som en ansvarlig og kompetent akt\u00f8r, kan du her se et lite utvalg av kundene v\u00e5re som opplever den tryggheten: Equinor, Neptune Energy Norge AS, V\u00e5r Energi ASA, Oceaneering og Cegal.<\/p>\n<h3>Fast og fleksibelt driftspersonell<\/h3>\n<p>Seabrokers Services best\u00e5r av en stor stab med driftspersonell. Vi har egne resepsjonister, vaktmestere, postbud, varemottakspersonell, driftsledere og kontorst\u00f8ttepersonell. Dette mangfoldet gir oss en stor grad av fleksibilitet til \u00e5 l\u00f8se de aller fleste utfordringene og arbeidsoppgavene dere har.<\/p>\n<p>V\u00e5rt driftspersonell f\u00e5r oppl\u00e6ring i flere av eiendommene vi drifter og kan dermed enkelt avlaste hverandre ved sykdom, ferieavvikling, o.l.<\/p>\n<h3>Vi er der du er<\/h3>\n<p>V\u00e5r lokale forankring p\u00e5 Forus gir v\u00e5re regionale kunder en eksepsjonell fordel. Vi kjenner det j\u00e6rske markedet godt og kan plukke ut dyktige og velrenommerte samarbeidspartnere. N\u00e6rhet til kundens lokasjoner gj\u00f8r at vi har mulighet til \u00e5 rykke ut med ekstra mannskap p\u00e5 kort varsel.<\/p>\n<h3>Driftslederrollen \u2013 kun ett kontaktpunkt<\/h3>\n<p>Som kunde vil du f\u00e5 et enkelt kundeforhold til oss. Hver kunde er tilknyttet en driftsleder som skal s\u00f8rge for at alle driftstjenestene blir levert i henhold til gjeldende kontrakter, lover, regler, rutiner og bestemmelser innenfor omr\u00e5det.<\/p>\n<p>Driftslederen skal planlegge for effektiv og l\u00f8nnsom drift og skal kontinuerlig jobbe med forbedringer, for \u00e5 oppn\u00e5 et kostnadseffektivt, moderne og fleksibelt driftsmilj\u00f8.<\/p>\n<h3>Korte beslutningsveier<\/h3>\n<p>Vi er en smidig organisasjon med korte beslutningsveier. Vi har h\u00f8y kompetanse p\u00e5 v\u00e5re fagomr\u00e5der og en sv\u00e6rt l\u00f8sningsorientert bedriftskultur.<\/p>\n<h3>\u00ab\u00c5pen bok\u00bb- prinsippet<\/h3>\n<p>V\u00e5re kontrakter baseres p\u00e5 \u00ab\u00e5pen bok\u00bb \u2013 prinsippet. Det gir kunden fritt innsyn i avtalene med v\u00e5re underleverand\u00f8rer. Videre kan du som kunde, om \u00f8nskelig, revidere alle v\u00e5re samarbeidsavtaler og regnskaper.<\/p>\n<h3>HMS<\/h3>\n<p>Vi arbeider kontinuerlig for \u00e5 utbedre helse-, milj\u00f8- og sikkerhetstiltak i bedriften. Gjennom \u00e5 prioritere egenutvikling, fysiske arbeidsforhold og et godt sosialt arbeidsmilj\u00f8, jobber vi kontinuerlig med \u00e5 ta vare p\u00e5 v\u00e5re ansatte.<\/p>\n<p>Vi vil forebygge ulykker, milj\u00f8- og helseskader gjennom \u00e5 bygge bevissthet, skape trygghet og dermed trivsel p\u00e5 arbeidsplassen.<\/p>\n<h3>Kvalitet<\/h3>\n<p>Seabrokers Services utf\u00f8rer alle tjenester i henhold til prosedyrer og rutiner i v\u00e5rt kvalitetssystem, som er sertifisert i henhold til NS-EN ISO-9001:2015.<\/p>\n<h3>Propely<\/h3>\n<p>Vi bruker FDV-systemet Propely til oppf\u00f8lging, kontroll og rapportering for v\u00e5re kunder. Faste serviceoppdrag, rekvirerte tjenester og daglig vedlikehold blir loggf\u00f8rt i kundens bygghistorikk.<\/p>\n<p>Som kunde kan du selv legge inn arbeidsordre i Propely, og du vil f\u00e5 en rask tilbakemelding straks arbeidet er utf\u00f8rt.<\/p>\n","protected":false},"excerpt":{"rendered":"<p>Som totalleverand\u00f8r av drifts- og forvaltningstjenester til n\u00e6ringsbygg er vi opptatt av \u00e5 betjene dine behov og \u00f8nsker som kunde. Forn\u00f8yde kunder Kundetilfredshet er avgj\u00f8rende for oss, og derfor sender vi ut \u00e5rlige unders\u00f8kelser for \u00e5 forsikre oss at du som kunde er forn\u00f8yd. Tilbakemeldingene vi f\u00e5r gir medarbeiderne v\u00e5re h\u00f8y score p\u00e5 serviceinnstilling, probleml\u00f8sning [&hellip;]<\/p>\n","protected":false},"author":1,"featured_media":698,"parent":40,"menu_order":0,"comment_status":"closed","ping_status":"closed","template":"","meta":{"footnotes":"","_links_to":"","_links_to_target":""},"class_list":["post-73","page","type-page","status-publish","hentry"],"acf":{"subtitle":"V\u00e5re konkurransefortrinn","title":"Veldrevne n\u00e6ringsbygg","text":"Seabrokers Services er opptatt av \u00e5 tilby kostnadseffektive og fleksible l\u00f8sninger. ","buttons":null,"image":"","video":"","focus_point":"center","style":"dark","type":"full","overlay_opacity":45,"enable_animation":false,"lottie":"","animation_opacity":60},"_links":{"self":[{"href":"https:\/\/seabrokers.no\/services\/wp-json\/wp\/v2\/pages\/73","targetHints":{"allow":["GET"]}}],"collection":[{"href":"https:\/\/seabrokers.no\/services\/wp-json\/wp\/v2\/pages"}],"about":[{"href":"https:\/\/seabrokers.no\/services\/wp-json\/wp\/v2\/types\/page"}],"author":[{"embeddable":true,"href":"https:\/\/seabrokers.no\/services\/wp-json\/wp\/v2\/users\/1"}],"replies":[{"embeddable":true,"href":"https:\/\/seabrokers.no\/services\/wp-json\/wp\/v2\/comments?post=73"}],"version-history":[{"count":0,"href":"https:\/\/seabrokers.no\/services\/wp-json\/wp\/v2\/pages\/73\/revisions"}],"up":[{"embeddable":true,"href":"https:\/\/seabrokers.no\/services\/wp-json\/wp\/v2\/pages\/40"}],"wp:featuredmedia":[{"embeddable":true,"href":"https:\/\/seabrokers.no\/services\/wp-json\/wp\/v2\/media\/698"}],"wp:attachment":[{"href":"https:\/\/seabrokers.no\/services\/wp-json\/wp\/v2\/media?parent=73"}],"curies":[{"name":"wp","href":"https:\/\/api.w.org\/{rel}","templated":true}]}}